{"id":3380,"date":"2023-05-15T20:58:01","date_gmt":"2023-05-15T20:58:01","guid":{"rendered":"https:\/\/ivfgdl.com\/?page_id=3380"},"modified":"2023-07-13T17:54:10","modified_gmt":"2023-07-13T17:54:10","slug":"contacto","status":"publish","type":"page","link":"https:\/\/ivfgdl.com\/en\/contacto\/","title":{"rendered":"Contact"},"content":{"rendered":"<section class=\"wpb-content-wrapper\"><section id=\"pix_section_contact\" data-vc-full-width=\"true\" data-vc-full-width-init=\"false\" class=\"vc_section vc_section_visible pix-intro-1 pix_section_contact vc_custom_1685400351412 vc_section-has-fill bg-gradient-primary\" data-section-name=\"\"><div class=\"fullpage-container\"><div class=\"pix-intro-img jarallax\" data-jarallax data-speed=\"0.8\"><img decoding=\"async\" loading=\"lazy\" class=\"jarallax-img pix-opacity-2\"  src=\"https:\/\/ivfgdl.com\/wp-content\/uploads\/2023\/05\/familia-feliz.jpg\" alt=\"\" \/><\/div><\/div><div class=\"vc_row wpb_row vc_row-fluid vc_row_visible vc_custom_1604461320159 vc_row-o-equal-height vc_row-flex\"><div class=\"wpb_column vc_column_container vc_col-sm-6 text-left\"><div class=\"vc_column-inner  vc_custom_1604461408957\"><div class=\"wpb_wrapper\"><div id=\"el1688752539824-73fcae13-8a6b\" class=\"mb-3 text-left  vc_custom_1689270802118\"><h2 class=\"mb-32 pix-sliding-headline-2 animate-in font-weight-bold secondary-font\" data-anim-type=\"pix-sliding-text\" pix-anim-delay=\"500\" data-class=\"secondary-font text-white\" style=\"\"><span class=\"slide-in-container\"><span class=\"pix-sliding-item secondary-font text-white\" style=\"transition-delay: 0ms;\">You&#32;<\/span><\/span> <span class=\"slide-in-container\"><span class=\"pix-sliding-item secondary-font text-white\" style=\"transition-delay: 150ms;\">are&#32;<\/span><\/span> <span class=\"slide-in-container\"><span class=\"pix-sliding-item secondary-font text-white\" style=\"transition-delay: 300ms;\">closer&#32;<\/span><\/span> <span class=\"slide-in-container\"><span class=\"pix-sliding-item secondary-font text-white\" style=\"transition-delay: 450ms;\">to&#32;<\/span><\/span> <span class=\"slide-in-container\"><span class=\"pix-sliding-item secondary-font text-white\" style=\"transition-delay: 600ms;\">your&#32;<\/span><\/span> <span class=\"slide-in-container\"><span class=\"pix-sliding-item secondary-font text-white\" style=\"transition-delay: 750ms;\">dream&#32;<\/span><\/span> <span class=\"slide-in-container\"><span class=\"pix-sliding-item secondary-font text-white\" style=\"transition-delay: 900ms;\">family.&#32;<\/span><\/span> <\/h2><\/div><div class=\"pix-el-text w-100   vc_custom_1687304002126\" ><div class=\"d-inline-block\" style=\"max-width:500px;\"><p class=\"text-18  text-light-opacity-7\" ><span class=\"text-light-opacity-7 animate-in d-inline-block\" data-anim-delay=\"900\" data-anim-type=\"fade-in-up\">Contact us to schedule your appointment or to answer any questions, either by writing or visiting us.<\/span><\/p><\/div><\/div>\n<div class=\"wpcf7 no-js\" id=\"wpcf7-f1566-o1\" lang=\"en-US\" dir=\"ltr\">\n<div class=\"screen-reader-response\"><p role=\"status\" aria-live=\"polite\" aria-atomic=\"true\"><\/p> <ul><\/ul><\/div>\n<form action=\"\/en\/wp-json\/wp\/v2\/pages\/3380#wpcf7-f1566-o1\" method=\"post\" class=\"wpcf7-form init\" aria-label=\"Contact form\" novalidate=\"novalidate\" data-status=\"init\" data-trp-original-action=\"\/en\/wp-json\/wp\/v2\/pages\/3380#wpcf7-f1566-o1\">\n<div style=\"display: none;\">\n<input type=\"hidden\" name=\"_wpcf7\" value=\"1566\" \/>\n<input type=\"hidden\" name=\"_wpcf7_version\" value=\"5.7.7\" \/>\n<input type=\"hidden\" name=\"_wpcf7_locale\" value=\"en_US\" \/>\n<input type=\"hidden\" name=\"_wpcf7_unit_tag\" value=\"wpcf7-f1566-o1\" \/>\n<input type=\"hidden\" name=\"_wpcf7_container_post\" value=\"0\" \/>\n<input type=\"hidden\" name=\"_wpcf7_posted_data_hash\" value=\"\" \/>\n<input type=\"hidden\" name=\"_wpcf7_recaptcha_response\" value=\"\" \/>\n<\/div>\n<div class=\"pix-contact7-form\"><div class=\"row\">\n\t<div class=\"col-lg-6\">\n\t\t<p><label class=\"w-100\">Name<br \/>\n<span class=\"wpcf7-form-control-wrap\" data-name=\"your-name\"><input size=\"40\" class=\"wpcf7-form-control wpcf7-text wpcf7-validates-as-required pix-my-5 shadow-0 bg-gray-1 form-control\" aria-required=\"true\" aria-invalid=\"false\" placeholder=\"Carlos Salas\" value=\"\" type=\"text\" name=\"your-name\" \/><\/span><\/label>\n\t\t<\/p>\n\t<\/div>\n\t<div class=\"col-lg-6\">\n\t\t<p><label class=\"w-100\">E-mail<br \/>\n<span class=\"wpcf7-form-control-wrap\" data-name=\"your-email\"><input size=\"40\" class=\"wpcf7-form-control wpcf7-text wpcf7-email wpcf7-validates-as-required wpcf7-validates-as-email pix-my-5 shadow-0 bg-gray-1 form-control\" aria-required=\"true\" aria-invalid=\"false\" placeholder=\"example@gmail.com\" value=\"\" type=\"email\" name=\"your-email\" \/><\/span><\/label>\n\t\t<\/p>\n\t<\/div>\n\t<div class=\"col-lg-6\">\n\t\t<p><label class=\"w-100\">N\u00famero Telef\u00f3nico\/WhatsApp*<br \/>\n<span class=\"wpcf7-form-control-wrap\" data-name=\"your-number\"><input size=\"40\" class=\"wpcf7-form-control wpcf7-text wpcf7-email wpcf7-validates-as-required wpcf7-validates-as-email pix-my-5 shadow-0 bg-gray-1 form-control\" aria-required=\"true\" aria-invalid=\"false\" placeholder=\"ejemplo3318288767\" value=\"\" type=\"email\" name=\"your-number\" \/><\/span><\/label>\n\t\t<\/p>\n\t<\/div>\n\t<div class=\"col-12\">\n\t\t<p><label class=\"w-100\">Message<span class=\"wpcf7-form-control-wrap\" data-name=\"your-message\"><textarea cols=\"40\" rows=\"4\" class=\"wpcf7-form-control wpcf7-textarea wpcf7-validates-as-required pix-my-5 shadow-0 bg-gray-1 form-control\" aria-required=\"true\" aria-invalid=\"false\" placeholder=\"Message\" name=\"your-message\"><\/textarea><\/span><\/label>\n\t\t<\/p>\n\t<\/div>\n<\/div>\n<p><input class=\"wpcf7-form-control has-spinner wpcf7-submit btn btn-secondary text-white w-100 pix-mt-10 font-weight-bold btn-lg shadow-hover\" type=\"submit\" value=\"Send\" \/>\n<\/p><\/div><div class=\"wpcf7-response-output\" aria-hidden=\"true\"><\/div>\n<input type=\"hidden\" name=\"trp-form-language\" value=\"en\"\/><\/form>\n<\/div>\n<\/div><\/div><\/div><div class=\"wpb_column vc_column_container vc_col-sm-6 vc_col-has-fill text-left\"><div class=\"vc_column-inner  vc_custom_1686944364441\"><div class=\"wpb_wrapper\">\n\t<div class=\"wpb_raw_code wpb_content_element wpb_raw_html vc_custom_1686945340149\" >\n\t\t<div class=\"wpb_wrapper\">\n\t\t\t<iframe src=\"https:\/\/www.google.com\/maps\/embed?pb=!1m18!1m12!1m3!1d3735.2962902783433!2d-103.45424913507489!3d20.5759543362454!2m3!1f0!2f0!3f0!3m2!1i1024!2i768!4f13.1!3m3!1m2!1s0x8428ab581c9be5e1%3A0x1855ab617d8e7ba7!2sIVF%20Guadalajara%20Fertility%20Clinic!5e0!3m2!1ses!2smx!4v1685398672296!5m2!1ses!2smx\" width=\"600\" height=\"530\"  style=\"border-radius:15px\" allowfullscreen=\"\" loading=\"lazy\" referrerpolicy=\"no-referrer-when-downgrade\"><\/iframe>\n\t\t<\/div>\n\t<\/div>\n<\/div><\/div><\/div><\/div><div class=\"vc_row wpb_row vc_row-fluid vc_row_visible vc_custom_1588778387749\"><div class=\"wpb_column vc_column_container vc_col-sm-4 text-left\"><div class=\"vc_column-inner\"><div class=\"wpb_wrapper\"><div id=\"1684184269031-38706b44-e516\" class=\"media  vc_custom_1687304053135\"><div class=\"rounded-circle d-inline-block2 d-inline-flex align-items-center justify-content-center mr-3 feature_img bg-white animate-in\" data-anim-type=\"fade-in-up\" data-anim-delay=\"200\" style=\" width:46.8px;height:46.8px;position:relative;line-height:46.8px;text-align:center;\"><i style=\"display:inline-block;font-size:26px;line-height:26px;\" class=\"text-gradient-primary align-middle pixicon-timer\"><\/i><\/div><div class=\"media-body text-left\"><h5 class=\"font-weight-bold  secondary-font text-white animate-in\" style=\"padding-top:0px;\" data-anim-type=\"fade-in-up\" data-anim-delay=\"300\">Opening hours<\/h5><div class=\"text-light-opacity-5      animate-in\" style=\"padding-top:10px;\" data-anim-type=\"fade-in-up\" data-anim-delay=\"400\">\r\n<ul>\r\n \t<li>Monday to Friday: 8:00 am to 4:00 pm<\/li>\r\n \t<li>Saturdays: 8:00 - 14:00<\/li>\r\n<\/ul>\r\n<\/div><\/div><\/div><\/div><\/div><\/div><div class=\"wpb_column vc_column_container vc_col-sm-4 text-left\"><div class=\"vc_column-inner\"><div class=\"wpb_wrapper\"><div id=\"1684184269050-38907b57-1352\" class=\"media  vc_custom_1685400689424\"><div class=\"rounded-circle d-inline-block2 d-inline-flex align-items-center justify-content-center mr-3 feature_img bg-white animate-in\" data-anim-type=\"fade-in-up\" data-anim-delay=\"400\" style=\" width:46.8px;height:46.8px;position:relative;line-height:46.8px;text-align:center;\"><i style=\"display:inline-block;font-size:26px;line-height:26px;\" class=\"text-gradient-primary align-middle pixicon-map-pin-1-check\"><\/i><\/div><div class=\"media-body text-left\"><h5 class=\"font-weight-bold  secondary-font text-white animate-in\" style=\"padding-top:0px;\" data-anim-type=\"fade-in-up\" data-anim-delay=\"500\">Visit Us<\/h5><div class=\"text-light-opacity-5      animate-in\" style=\"padding-top:10px;\" data-anim-type=\"fade-in-up\" data-anim-delay=\"600\">L\u00f3pez Mateos Sur #3561 Primer piso. Fracc. Los Gavilanes 45645, Tlajomulco de Z\u00fa\u00f1iga, Jal.<\/div><\/div><\/div><\/div><\/div><\/div><div class=\"wpb_column vc_column_container vc_col-sm-4 text-left\"><div class=\"vc_column-inner\"><div class=\"wpb_wrapper\"><div id=\"1684184269070-f53c9c9b-a3da\" class=\"media  vc_custom_1686007962793\"><div class=\"rounded-circle d-inline-block2 d-inline-flex align-items-center justify-content-center mr-3 feature_img bg-white animate-in\" data-anim-type=\"fade-in-up\" data-anim-delay=\"600\" style=\" width:46.8px;height:46.8px;position:relative;line-height:46.8px;text-align:center;\"><i style=\"display:inline-block;font-size:26px;line-height:26px;\" class=\"text-gradient-primary align-middle pixicon-phone\"><\/i><\/div><div class=\"media-body text-left\"><h5 class=\"font-weight-bold  secondary-font text-white animate-in\" style=\"padding-top:0px;\" data-anim-type=\"fade-in-up\" data-anim-delay=\"700\">Phone<\/h5><div class=\"text-light-opacity-5      animate-in\" style=\"padding-top:10px;\" data-anim-type=\"fade-in-up\" data-anim-delay=\"800\">\u2022(33) 3616 5558\n\u2022(33) 3271 2334 (35)\n\u2022Toll free 800 837 0535\r\n<\/div><\/div><\/div><\/div><\/div><\/div><\/div><\/section><div class=\"vc_row-full-width vc_clearfix\"><\/div><\/section>","protected":false},"excerpt":{"rendered":"You&#32; are&#32; closer&#32; to&#32; your&#32; dream&#32; family.&#32; Cont\u00e1ctanos para agendar tu cita o para resolver cualquier duda, ya sea escribi\u00e9ndonos o visit\u00e1ndonos. Nombre y apellido Correo electr\u00f3nico* N\u00famero Telef\u00f3nico\/WhatsApp* Escriba su mensaje a continuaci\u00f3n Horario de atenci\u00f3n: Lunes a viernes...","protected":false},"author":1,"featured_media":0,"parent":0,"menu_order":0,"comment_status":"closed","ping_status":"closed","template":"","meta":{"footnotes":""},"class_list":["post-3380","page","type-page","status-publish","hentry"],"_links":{"self":[{"href":"https:\/\/ivfgdl.com\/en\/wp-json\/wp\/v2\/pages\/3380","targetHints":{"allow":["GET"]}}],"collection":[{"href":"https:\/\/ivfgdl.com\/en\/wp-json\/wp\/v2\/pages"}],"about":[{"href":"https:\/\/ivfgdl.com\/en\/wp-json\/wp\/v2\/types\/page"}],"author":[{"embeddable":true,"href":"https:\/\/ivfgdl.com\/en\/wp-json\/wp\/v2\/users\/1"}],"replies":[{"embeddable":true,"href":"https:\/\/ivfgdl.com\/en\/wp-json\/wp\/v2\/comments?post=3380"}],"version-history":[{"count":17,"href":"https:\/\/ivfgdl.com\/en\/wp-json\/wp\/v2\/pages\/3380\/revisions"}],"predecessor-version":[{"id":4085,"href":"https:\/\/ivfgdl.com\/en\/wp-json\/wp\/v2\/pages\/3380\/revisions\/4085"}],"wp:attachment":[{"href":"https:\/\/ivfgdl.com\/en\/wp-json\/wp\/v2\/media?parent=3380"}],"curies":[{"name":"wp","href":"https:\/\/api.w.org\/{rel}","templated":true}]}}