{"id":3479,"date":"2023-05-22T16:52:46","date_gmt":"2023-05-22T16:52:46","guid":{"rendered":"https:\/\/ivfgdl.com\/?page_id=3479"},"modified":"2025-02-20T20:53:05","modified_gmt":"2025-02-20T20:53:05","slug":"tratamientos","status":"publish","type":"page","link":"https:\/\/ivfgdl.com\/en\/tratamientos\/","title":{"rendered":"Fertility Treatments"},"content":{"rendered":"<section class=\"wpb-content-wrapper\"><section id=\"pix_section_intro\" data-vc-full-width=\"true\" data-vc-full-width-init=\"false\" class=\"vc_section vc_section_visible pix-intro-1 vc_custom_1685031397404 vc_section-has-fill vc_row-o-full-height vc_section-o-content-bottom vc_section-flex bg-gradient-primary\" data-section-name=\"\"><div class=\"fullpage-container\"><div class=\"pix-intro-img jarallax\" data-jarallax data-speed=\"0.8\"><img decoding=\"async\" loading=\"lazy\" class=\"jarallax-img pix-opacity-2\"  src=\"https:\/\/ivfgdl.com\/wp-content\/uploads\/2023\/05\/tratamiento-de-fertilidad.jpg\" alt=\"\" \/><\/div><\/div><div class=\"pix-divider pix-bottom-divider\" data-style=\"style-dynamic\" style=\"bottom:-1px;\"><div class=\"pix-dividers-box\" >\n                    <svg class=\"pix-shape-dividers\"  viewbox=\"0 0 100 100\" preserveaspectratio=\"none\">\n                        <defs><lineargradient id=\"divider-pix_section_intro-bottom-overlay-color-0\" x1=\"0%\" y1=\"0%\" x2=\"100%\" y2=\"0%\"><stop offset=\"0%\"   stop-color=\"rgba(255,255,255,0.5)\"\/><stop offset=\"100%\"   stop-color=\"rgba(255,255,255,0.01)\"\/><\/lineargradient><lineargradient id=\"divider-pix_section_intro-bottom-overlay-color-1\" x1=\"0%\" y1=\"0%\" x2=\"100%\" y2=\"0%\"><stop offset=\"0%\"   stop-color=\"rgba(255,255,255,0.01)\"\/><stop offset=\"100%\"   stop-color=\"rgba(255,255,255,0.45)\"\/><\/lineargradient><\/defs><path d=\"\" class=\"\" fill=\"url(#divider-pix_section_intro-bottom-overlay-color-0)\"><\/path><path d=\"\" class=\"\" fill=\"url(#divider-pix_section_intro-bottom-overlay-color-1)\"><\/path><path d=\"\" class=\"\" fill=\"#ffffff\"><\/path>\n                    <\/svg>\n                <\/div><\/div><div data-vc-full-width=\"true\" data-vc-full-width-init=\"false\" data-vc-stretch-content=\"true\" class=\"vc_row wpb_row vc_row-fluid vc_row_visible vc_custom_1684446326188 bg-gradient-primary\"><div class=\"wpb_column vc_column_container vc_col-sm-12 text-center\"><div class=\"vc_column-inner  vc_custom_1684446303652\"><div class=\"wpb_wrapper\"><div id=\"el1689271093270-39004d61-51e5\" class=\"mb-3 text-center  vc_custom_1689271113967\"><div class=\"d-inline-block\" style=\"max-width:800px;\"><h1 class=\"mb-32 pix-sliding-headline-2 animate-in font-weight-bold secondary-font\" data-anim-type=\"pix-sliding-text\" pix-anim-delay=\"500\" data-class=\"secondary-font text-white\" style=\"\"><span class=\"slide-in-container\"><span class=\"pix-sliding-item secondary-font text-white\" style=\"transition-delay: 0ms;\">Fertility&#32;<\/span><\/span> <span class=\"slide-in-container\"><span class=\"pix-sliding-item secondary-font text-white\" style=\"transition-delay: 150ms;\">Treatments&#32;<\/span><\/span> <\/h1><\/div><\/div><div class=\"pix-el-text w-100   vc_custom_1684799049534\" ><div class=\"d-inline-block\" style=\"max-width:800px;\"><p class=\"text-18  text-white  font-weight-bold\" ><span class=\"text-white animate-in d-inline-block\" data-anim-delay=\"400\" data-anim-type=\"fade-in-up\">We have the specialized team to complete your fertility treatment with which you\u00b4ll build a new future for you and your partner. Find with us the positive results that you expect. <\/span><\/p><\/div><\/div><a  href=\"https:\/\/ivfgdl.com\/en\/testimonios\/\" class=\"btn mb-2     shadow-sm  bg-light-opacity-2 btn-primary btn-custom-bg  d-inline-block pix-hover-item       animate-in btn-md\"   data-anim-type=\"fade-in-left\" data-anim-delay=\"800\" ><span class=\"font-weight-bold\" >Our testimonials<\/span> <i class=\"font-weight-bold pixicon-arrow-right2  pix-hover-right  ml-1\"><\/i><\/a><\/div><\/div><\/div><\/div><div class=\"vc_row-full-width vc_clearfix\"><\/div><\/section><div class=\"vc_row-full-width vc_clearfix\"><\/div><section data-vc-full-width=\"true\" data-vc-full-width-init=\"false\" class=\"vc_section vc_section_visible vc_custom_1684788937147 vc_section-has-fill\" data-section-name=\"\"><div class=\"vc_row wpb_row vc_row-fluid vc_row_visible vc_custom_1591232155864\"><div class=\"wpb_column vc_column_container vc_col-sm-12 text-center\"><div class=\"vc_column-inner\"><div class=\"wpb_wrapper\"><h6 class=\"pix-badge-element d-inline-block mr-1 animate-in\" data-anim-type=\"fade-in-left\" data-anim-delay=\"600\"><span class=\"badge font-weight-bold shadow bg-white  vc_custom_1684799095222\" style=\" \"><span class=\"text-heading-default\" style=\"\">High effectiveness<\/span><\/span><\/h6><div id=\"el1689271121175-fbcbc980-64ea\" class=\"mb-3 text-center  vc_custom_1689271143042\"><h3 class=\"mb-32 pix-sliding-headline-2 animate-in font-weight-bold secondary-font\" data-anim-type=\"pix-sliding-text\" pix-anim-delay=\"500\" data-class=\"secondary-font text-heading-default\" style=\"\"><span class=\"slide-in-container\"><span class=\"pix-sliding-item secondary-font text-heading-default\" style=\"transition-delay: 0ms;\">What&#32;<\/span><\/span> <span class=\"slide-in-container\"><span class=\"pix-sliding-item secondary-font text-heading-default\" style=\"transition-delay: 150ms;\">fertility&#32;<\/span><\/span> <span class=\"slide-in-container\"><span class=\"pix-sliding-item secondary-font text-heading-default\" style=\"transition-delay: 300ms;\">treatments&#32;<\/span><\/span> <span class=\"slide-in-container\"><span class=\"pix-sliding-item secondary-font text-heading-default\" style=\"transition-delay: 450ms;\">do&#32;<\/span><\/span> <span class=\"slide-in-container\"><span class=\"pix-sliding-item secondary-font text-heading-default\" style=\"transition-delay: 600ms;\">we&#32;<\/span><\/span> <span class=\"slide-in-container\"><span class=\"pix-sliding-item secondary-font text-heading-default\" style=\"transition-delay: 750ms;\">offer?&#32;<\/span><\/span> <\/h3><\/div><div class=\"pix-el-text w-100 text-center\" ><div class=\"d-inline-block\" style=\"max-width:800px;\"><p class=\"text-20  text-body-default text-center\" ><span class=\"text-body-default animate-in d-inline-block\" data-anim-delay=\"900\" data-anim-type=\"fade-in-up\">In our fertility clinic you will find the highest technology methods and treatments that allow us to help our patients fulfill their dream of being parents.<\/span><\/p><\/div><\/div><\/div><\/div><\/div><\/div><div class=\"vc_row wpb_row vc_row-fluid vc_row_visible\"><div class=\"wpb_column vc_column_container vc_col-sm-12 vc_col-md-offset-1 vc_col-md-10 text-left\"><div class=\"vc_column-inner\"><div class=\"wpb_wrapper\"><div class=\"card rounded-lg overflow-hidden row no-gutters flex-column flex-md-row flex-md-row-reverse   vc_custom_1740077577806  shadow-sm shadow-hover fly-sm  animate-in\" data-anim-delay=\"0\" data-anim-type=\"fade-in-up\"><div class=\"card-body d-flex align-content-between flex-wrap col-md-6 p-lg-5 p-md-5 p-4\"><div class=\"d-flex align-items-start\"><div><img loading=\"lazy\" class=\"mb-3\" src=\"https:\/\/ivfgdl.com\/wp-content\/uploads\/2023\/05\/Inseminacion.png\" alt=\"\" width=\"256\" height=\"256\" style=\"width:auto;max-width:100px;\"  decoding=\"async\" \/><h4 style=\"\" class=\"font-weight-bold text-heading-default mb-3\">Artificial insemination (IUI)<\/h4><\/div><\/div><div class=\"d-flex align-items-end\"><div><p class=\"text-body-default text-18 text-left mb-0\" >Es una t\u00e9cnica de Reproducci\u00f3n Asistida de mediana complejidad. Consiste en depositar los espermatozoides con un cat\u00e9ter directamente en el \u00fatero de la mujer durante el periodo de ovulaci\u00f3n. Iniciamos el proceso con una estimulaci\u00f3n ov\u00e1rica, es decir, un protocolo de medicaci\u00f3n para madurar m\u00e1s \u00f3vulos. A la vez, tambi\u00e9n realizamos en el laboratorio una capacitaci\u00f3n esperm\u00e1tica, en otras palabras, seleccionamos los espermatozoides de mejor calidad y mayor movilidad para aumentar las probabilidades de fecundaci\u00f3n.<\/p><\/div><\/div><\/div><div class=\"flex-column col-md-6\"><img decoding=\"async\" class=\"card-img rounded-0 pix-fit-cover flex-grow-1 h-100\" src=\"https:\/\/ivfgdl.com\/wp-content\/uploads\/2023\/05\/Tratamientos_0002_hermoso-concepto-fertilidad-renderizado-3d-1.jpg\" alt=\"Inseminaci\u00f3n Artificial\" \/><\/div><\/div><div class=\"card rounded-lg overflow-hidden row no-gutters flex-column flex-md-row flex-md-row-reverse   vc_custom_1740083028488  shadow-sm shadow-hover fly-sm  animate-in\" data-anim-delay=\"0\" data-anim-type=\"fade-in-up\"><div class=\"flex-column col-md-6\"><img decoding=\"async\" class=\"card-img rounded-0 pix-fit-cover flex-grow-1 h-100\" src=\"https:\/\/ivfgdl.com\/wp-content\/uploads\/2025\/02\/FIV-scaled.jpg\" alt=\"Fertilizaci\u00f3n In Vitro (FIV)\" \/><\/div><div class=\"card-body d-flex align-content-between flex-wrap col-md-6 p-lg-5 p-md-5 p-4\"><div class=\"d-flex align-items-start\"><div><img loading=\"lazy\" class=\"mb-3\" src=\"https:\/\/ivfgdl.com\/wp-content\/uploads\/2023\/05\/In-vitro.png\" alt=\"\" width=\"256\" height=\"256\" style=\"width:auto;max-width:100px;\"  decoding=\"async\" \/><h4 style=\"\" class=\"font-weight-bold text-heading-default mb-3\">In vitro fertilization (IVF)<\/h4><\/div><\/div><div class=\"d-flex align-items-end\"><div><p class=\"text-body-default text-18 text-left mb-0\" >Es una t\u00e9cnica de Reproducci\u00f3n Asistida de alta complejidad. Para la Fertilizaci\u00f3n In Vitro convencional obtenemos los \u00f3vulos de la mujer y los ponemos en contacto con los espermatozoides de la pareja o de un donante para lograr la fecundaci\u00f3n en una placa de cultivo especial. Consiste en una estimulaci\u00f3n ov\u00e1rica controlada, aspiraci\u00f3n de \u00f3vulos, uni\u00f3n de \u00f3vulo con espermatozoides en laboratorio (fertilizaci\u00f3n) y posteriormente la transferencia de embriones dentro de la cavidad uterina.<\/p><\/div><\/div><\/div><\/div><div class=\"card rounded-lg overflow-hidden row no-gutters flex-column flex-md-row flex-md-row-reverse   vc_custom_1740078067555  shadow-sm shadow-hover fly-sm  animate-in\" data-anim-delay=\"0\" data-anim-type=\"fade-in-up\"><div class=\"flex-column col-md-6\"><img decoding=\"async\" class=\"card-img rounded-0 pix-fit-cover flex-grow-1 h-100\" src=\"https:\/\/ivfgdl.com\/wp-content\/uploads\/2023\/05\/CSI-Iyeccion.jpg\" alt=\"ICSI Inyecci\u00f3n Intracitoplasm\u00e1tica de Espermatozoides\" \/><\/div><div class=\"card-body d-flex align-content-between flex-wrap col-md-6 p-lg-5 p-md-5 p-4\"><div class=\"d-flex align-items-start\"><div><img loading=\"lazy\" class=\"mb-3\" src=\"https:\/\/ivfgdl.com\/wp-content\/uploads\/2023\/05\/CSI.png\" alt=\"\" width=\"256\" height=\"256\" style=\"width:auto;max-width:100px;\"  decoding=\"async\" \/><h4 style=\"\" class=\"font-weight-bold text-heading-default mb-3\">Intracytoplasmic Sperm Injection (ICSI)<\/h4><\/div><\/div><div class=\"d-flex align-items-end\"><div><p class=\"text-body-default text-18 text-left mb-0\" >Es una t\u00e9cnica de Reproducci\u00f3n Asistida de alta complejidad. Variante de la FIV en la que facilitamos la uni\u00f3n del \u00f3vulo y el espermatozoide (fecundaci\u00f3n en laboratorio). Consiste en inyectar directamente el espermatozoide dentro del \u00f3vulo. Esta t\u00e9cnica es ideal para pacientes con diagn\u00f3stico de oligozoospermia (pocos espermatozoides en el semen), astenozoospermia (espermatozoides con poca movilidad) y teratozoospermia (espermatozoides con formas anormales). Tambi\u00e9n para casos de baja cantidad de \u00f3vulos.<\/p><\/div><\/div><\/div><\/div><div class=\"card rounded-lg overflow-hidden row no-gutters flex-column flex-md-row flex-md-row-reverse   vc_custom_1740076182077  shadow-sm shadow-hover fly-sm  animate-in\" data-anim-delay=\"0\" data-anim-type=\"fade-in-up\"><div class=\"card-body d-flex align-content-between flex-wrap col-md-6 p-lg-5 p-md-5 p-4\"><div class=\"d-flex align-items-start\"><div><h4 style=\"\" class=\"font-weight-bold text-heading-default mb-3\">An\u00e1lisis Calidad de \u00f3vulos con IA<\/h4><\/div><\/div><div class=\"d-flex align-items-end\"><div><p class=\"text-body-default text-18 text-left mb-0\" >El an\u00e1lisis de \u00f3vulos con inteligencia artificial (IA) es una tecnolog\u00eda avanzada que nos ayuda a seleccionar los mejores \u00f3vulos para tratamientos de fertilidad.\r\n\r\n\ud83d\udd2c \u00bfC\u00f3mo funciona?\r\nLa IA analiza im\u00e1genes de los \u00f3vulos tomadas con un microscopio para evaluar su calidad utilizando algoritmos que comparan miles de datos para clasificar cu\u00e1les \u00f3vulos tienen m\u00e1s probabilidades de ser fecundados y formar embriones sanos. La IA detecta detalles que son invisibles para el ojo humano, lo que ayuda a tomar mejores decisiones en el laboratorio.\r\n\r\n\u2705 Mejora la selecci\u00f3n de \u00f3vulos, aumentando las probabilidades de \u00e9xito en la FIV.\r\n\u2705 Reduce el tiempo y los intentos necesarios para lograr un embarazo.\r\n\u2705 Personaliza los tratamientos, ajustando estrategias seg\u00fan el diagn\u00f3stico de cada paciente.<\/p><\/div><\/div><\/div><div class=\"flex-column col-md-6\"><img decoding=\"async\" class=\"card-img rounded-0 pix-fit-cover flex-grow-1 h-100\" src=\"https:\/\/ivfgdl.com\/wp-content\/uploads\/2025\/02\/Analisis-de-ovulos-en-laboratorio.jpg\" alt=\"An\u00e1lisis Calidad de \u00f3vulos con IA\" \/><\/div><\/div><div class=\"card rounded-lg overflow-hidden row no-gutters flex-column flex-md-row flex-md-row-reverse   vc_custom_1687454311629  shadow-sm shadow-hover fly-sm  animate-in\" data-anim-delay=\"0\" data-anim-type=\"fade-in-up\"><div class=\"card-body d-flex align-content-between flex-wrap col-md-6 p-lg-5 p-md-5 p-4\"><div class=\"d-flex align-items-start\"><div><img loading=\"lazy\" class=\"mb-3\" src=\"https:\/\/ivfgdl.com\/wp-content\/uploads\/2023\/05\/Ovodonacion.png\" alt=\"\" width=\"256\" height=\"256\" style=\"width:auto;max-width:100px;\"  decoding=\"async\" \/><h4 style=\"\" class=\"font-weight-bold text-heading-default mb-3\">Egg donation<\/h4><\/div><\/div><div class=\"d-flex align-items-end\"><div><p class=\"text-body-default text-18 text-left mb-0\" >A highly complex procedure. It's used to achieve a pregnancy in patients who don\u00b4t have an adequate egg reserve either in terms of quantity and\/or quality. This technique offers the highest pregnancy rates and the candidates for this treatment are able to live the pregnancy experience from the beginning.<\/p><\/div><\/div><\/div><div class=\"flex-column col-md-6\"><img decoding=\"async\" class=\"card-img rounded-0 pix-fit-cover flex-grow-1 h-100\" src=\"https:\/\/ivfgdl.com\/wp-content\/uploads\/2023\/05\/Ovodonacion.jpg\" alt=\"Ovodonaci\u00f3n\" \/><\/div><\/div><div class=\"card rounded-lg overflow-hidden row no-gutters flex-column flex-md-row flex-md-row-reverse   vc_custom_1687454351411  shadow-sm shadow-hover fly-sm  animate-in\" data-anim-delay=\"0\" data-anim-type=\"fade-in-up\"><div class=\"card-body d-flex align-content-between flex-wrap col-md-6 p-lg-5 p-md-5 p-4\"><div class=\"d-flex align-items-start\"><div><img loading=\"lazy\" class=\"mb-3\" src=\"https:\/\/ivfgdl.com\/wp-content\/uploads\/2023\/06\/Ropa.png\" alt=\"\" width=\"256\" height=\"256\" style=\"width:auto;max-width:100px;\"  decoding=\"async\" \/><h4 style=\"\" class=\"font-weight-bold text-heading-default mb-3\">Reciprocal IVF (CO- IVF)<\/h4><\/div><\/div><div class=\"d-flex align-items-end\"><div><p class=\"text-body-default text-18 text-left mb-0\" >Reciprocal IVF (reception of oocytes from the partner) is an Assisted Reproduction treatment indicated for couples of women who wish to share maternity. It\u00b4s a variant of an In Vitro Fertilization (IVF) in which the reproductive cycles of both women are synchronized (donor and recipient) since one will be the biological mother (through egg donation) and the other will be the pregnant woman (the recipient of the embryo\/embryos generated).<\/p><\/div><\/div><\/div><div class=\"flex-column col-md-6\"><img decoding=\"async\" class=\"card-img rounded-0 pix-fit-cover flex-grow-1 h-100\" src=\"https:\/\/ivfgdl.com\/wp-content\/uploads\/2023\/06\/Metodo-ropa-.jpg\" alt=\"M\u00e9todo ROPA\" \/><\/div><\/div><div class=\"card rounded-lg overflow-hidden row no-gutters flex-column flex-md-row flex-md-row-reverse   vc_custom_1740084779518  shadow-sm shadow-hover fly-sm  animate-in\" data-anim-delay=\"0\" data-anim-type=\"fade-in-up\"><div class=\"card-body d-flex align-content-between flex-wrap col-md-6 p-lg-5 p-md-5 p-4\"><div class=\"d-flex align-items-start\"><div><h4 style=\"\" class=\"font-weight-bold text-heading-default mb-3\">Vitrificaci\u00f3n de \u00f3vulos<\/h4><\/div><\/div><div class=\"d-flex align-items-end\"><div><p class=\"text-body-default text-18 text-left mb-0\" >La vitrificaci\u00f3n de \u00f3vulos es un m\u00e9todo avanzado de congelaci\u00f3n que permite preservar los \u00f3vulos. \u00bfC\u00f3mo funciona? Paso 1. Estimulaci\u00f3n ov\u00e1rica: se administran hormonas para que los ovarios produzcan varios \u00f3vulos en un solo ciclo. 2.Punci\u00f3n folicular: se extraen los \u00f3vulos mediante una aspiraci\u00f3n guiada por ecograf\u00eda, bajo sedaci\u00f3n. 3.Vitrificaci\u00f3n: los \u00f3vulos maduros se sumergen en sustancias crioprotectoras para evitar da\u00f1os. Se congelan de forma ultra r\u00e1pida a -196\u00b0C en nitr\u00f3geno l\u00edquido. 4. Almacenamiento: pueden permanecer congelados durante a\u00f1os sin perder su calidad. \u00bfPara qui\u00e9n se recomienda?\r\n\u2705 Mujeres que desean preservar su fertilidad (por edad, estudios o proyectos personales).\r\n\u2705 Pacientes con enfermedades o tratamientos agresivos (como quimioterapia).\r\n\u2705 Casos de baja reserva ov\u00e1rica donde se acumulan \u00f3vulos de varios ciclos.\r\n\u2705 Programas de donaci\u00f3n de \u00f3vulos.\r\n\r\nCuando la mujer decide usarlos, los \u00f3vulos se descongelan, se fecundan en el laboratorio (generalmente con ICSI) y los embriones resultantes pueden transferirse al \u00fatero.\r\n\r\nEs una excelente opci\u00f3n para postergar la maternidad sin que la edad afecte la calidad de los \u00f3vulos.<\/p><\/div><\/div><\/div><div class=\"flex-column col-md-6\"><img decoding=\"async\" class=\"card-img rounded-0 pix-fit-cover flex-grow-1 h-100\" src=\"https:\/\/ivfgdl.com\/wp-content\/uploads\/2025\/02\/Vitrificacion-de-ovulos.jpg\" alt=\"Vitrificaci\u00f3n de \u00f3vulos\" \/><\/div><\/div><div class=\"card rounded-lg overflow-hidden row no-gutters flex-column flex-md-row flex-md-row-reverse   vc_custom_1687454337441  shadow-sm shadow-hover fly-sm  animate-in\" data-anim-delay=\"0\" data-anim-type=\"fade-in-up\"><div class=\"flex-column col-md-6\"><img decoding=\"async\" class=\"card-img rounded-0 pix-fit-cover flex-grow-1 h-100\" src=\"https:\/\/ivfgdl.com\/wp-content\/uploads\/2023\/05\/Tratamientos_0000_hombre-bonito-joven-besando-abrazando-su-esposa-feliz.jpg\" alt=\"Coito Programado\" \/><\/div><div class=\"card-body d-flex align-content-between flex-wrap col-md-6 p-lg-5 p-md-5 p-4\"><div class=\"d-flex align-items-start\"><div><img loading=\"lazy\" class=\"mb-3\" src=\"https:\/\/ivfgdl.com\/wp-content\/uploads\/2023\/05\/Coito-programado-1.png\" alt=\"\" width=\"256\" height=\"256\" style=\"width:auto;max-width:100px;\"  decoding=\"async\" \/><h4 style=\"\" class=\"font-weight-bold text-heading-default mb-3\">Ovulation induction<\/h4><\/div><\/div><div class=\"d-flex align-items-end\"><div><p class=\"text-body-default text-18 text-left mb-0\" >It's a low-complexity assisted reproduction procedure and the \"start\" treatment for many couples in which \"apparently all factors are within normal limits.\" It consists of inducing the growth of 1 to 3 follicles to later schedule ovulation and the exact days on which you should have sex. The objective of this treatment is to <strong>increase the probability of achieving pregnancy<\/strong>, therefore medications taken and\/or injected are used.<\/p><\/div><\/div><\/div><\/div><div class=\"card rounded-lg overflow-hidden row no-gutters flex-column flex-md-row flex-md-row-reverse   vc_custom_1686590226722  shadow-sm shadow-hover fly-sm  animate-in\" data-anim-delay=\"0\" data-anim-type=\"fade-in-up\"><div class=\"card-body d-flex align-content-between flex-wrap col-md-6 p-lg-5 p-md-5 p-4\"><div class=\"d-flex align-items-start\"><div><img loading=\"lazy\" class=\"mb-3\" src=\"https:\/\/ivfgdl.com\/wp-content\/uploads\/2023\/05\/Banco-de-esperma.png\" alt=\"\" width=\"256\" height=\"256\" style=\"width:auto;max-width:100px;\"  decoding=\"async\" \/><h4 style=\"\" class=\"font-weight-bold text-heading-default mb-3\">Sperm bank<\/h4><\/div><\/div><div class=\"d-flex align-items-end\"><div><p class=\"text-body-default text-18 text-left mb-0\" >We have a wide variety of samples that can be used to achieve a pregnancy in couples in which due to the male factor they can't or don't have an adequate sperm quantity.<\/p><\/div><\/div><\/div><div class=\"flex-column col-md-6\"><img decoding=\"async\" class=\"card-img rounded-0 pix-fit-cover flex-grow-1 h-100\" src=\"https:\/\/ivfgdl.com\/wp-content\/uploads\/2023\/05\/Banco-de-esperma.jpg\" alt=\"Banco de espermatozoides\" \/><\/div><\/div><div class=\"d-block w-100 text-center\"><a  href=\"https:\/\/ivfgdl.com\/en\/contacto\/\" class=\"btn mb-2    vc_custom_1688499789214  text-heading-default btn-link text-primary d-inline-block pix-hover-item       animate-in pix-btn-div btn-md\"   data-anim-type=\"fade-in-up\" data-anim-delay=\"400\" ><span class=\"font-weight-bold\" >I'm interested<\/span> <i class=\"font-weight-bold pixicon-angle-right  pix-hover-right  ml-1\"><\/i><\/a><\/div><\/div><\/div><\/div><\/div><\/section><div class=\"vc_row-full-width vc_clearfix\"><\/div><\/section>","protected":false},"excerpt":{"rendered":"Fertility&#32; Treatments&#32; Contamos con el equipo especializado para cumplir con tratamientos de alta complejidad con los que construir\u00e1s un nuevo futuro para ti y tu pareja. Encuentra con nosotros los resultados positivos que tanto esperas. Nuestros testimonios Alta efectividadWhat&#32; fertility&#32;...","protected":false},"author":1,"featured_media":0,"parent":0,"menu_order":0,"comment_status":"closed","ping_status":"closed","template":"","meta":{"footnotes":""},"class_list":["post-3479","page","type-page","status-publish","hentry"],"_links":{"self":[{"href":"https:\/\/ivfgdl.com\/en\/wp-json\/wp\/v2\/pages\/3479","targetHints":{"allow":["GET"]}}],"collection":[{"href":"https:\/\/ivfgdl.com\/en\/wp-json\/wp\/v2\/pages"}],"about":[{"href":"https:\/\/ivfgdl.com\/en\/wp-json\/wp\/v2\/types\/page"}],"author":[{"embeddable":true,"href":"https:\/\/ivfgdl.com\/en\/wp-json\/wp\/v2\/users\/1"}],"replies":[{"embeddable":true,"href":"https:\/\/ivfgdl.com\/en\/wp-json\/wp\/v2\/comments?post=3479"}],"version-history":[{"count":62,"href":"https:\/\/ivfgdl.com\/en\/wp-json\/wp\/v2\/pages\/3479\/revisions"}],"predecessor-version":[{"id":4182,"href":"https:\/\/ivfgdl.com\/en\/wp-json\/wp\/v2\/pages\/3479\/revisions\/4182"}],"wp:attachment":[{"href":"https:\/\/ivfgdl.com\/en\/wp-json\/wp\/v2\/media?parent=3479"}],"curies":[{"name":"wp","href":"https:\/\/api.w.org\/{rel}","templated":true}]}}