{"id":3519,"date":"2023-05-22T17:40:10","date_gmt":"2023-05-22T17:40:10","guid":{"rendered":"https:\/\/ivfgdl.com\/?page_id=3519"},"modified":"2025-02-20T17:35:34","modified_gmt":"2025-02-20T17:35:34","slug":"especialistas","status":"publish","type":"page","link":"https:\/\/ivfgdl.com\/en\/especialistas\/","title":{"rendered":"Our Team"},"content":{"rendered":"<section class=\"wpb-content-wrapper\"><section id=\"pix_section_intro\" data-vc-full-width=\"true\" data-vc-full-width-init=\"false\" class=\"vc_section vc_section_visible pix-intro-1 vc_custom_1685042391955 vc_section-has-fill vc_row-o-full-height vc_section-o-content-bottom vc_section-flex bg-gradient-primary\" data-section-name=\"\"><div class=\"fullpage-container\"><div class=\"pix-intro-img jarallax\" data-jarallax data-speed=\"0.8\"><img decoding=\"async\" loading=\"lazy\" class=\"jarallax-img pix-opacity-2\"  src=\"https:\/\/ivfgdl.com\/wp-content\/uploads\/2023\/05\/Especialistas-.jpg\" alt=\"\" \/><\/div><\/div><div class=\"pix-divider pix-bottom-divider\" data-style=\"style-dynamic\" style=\"bottom:-1px;\"><div class=\"pix-dividers-box\" >\n                    <svg class=\"pix-shape-dividers\"  viewbox=\"0 0 100 100\" preserveaspectratio=\"none\">\n                        <defs><lineargradient id=\"divider-pix_section_intro-bottom-overlay-color-0\" x1=\"0%\" y1=\"0%\" x2=\"100%\" y2=\"0%\"><stop offset=\"0%\"   stop-color=\"rgba(255,255,255,0.5)\"\/><stop offset=\"100%\"   stop-color=\"rgba(255,255,255,0.01)\"\/><\/lineargradient><lineargradient id=\"divider-pix_section_intro-bottom-overlay-color-1\" x1=\"0%\" y1=\"0%\" x2=\"100%\" y2=\"0%\"><stop offset=\"0%\"   stop-color=\"rgba(255,255,255,0.01)\"\/><stop offset=\"100%\"   stop-color=\"rgba(255,255,255,0.45)\"\/><\/lineargradient><\/defs><path d=\"\" class=\"\" fill=\"url(#divider-pix_section_intro-bottom-overlay-color-0)\"><\/path><path d=\"\" class=\"\" fill=\"url(#divider-pix_section_intro-bottom-overlay-color-1)\"><\/path><path d=\"\" class=\"\" fill=\"#ffffff\"><\/path>\n                    <\/svg>\n                <\/div><\/div><div data-vc-full-width=\"true\" data-vc-full-width-init=\"false\" data-vc-stretch-content=\"true\" class=\"vc_row wpb_row vc_row-fluid vc_row_visible vc_custom_1684446326188 bg-gradient-primary\"><div class=\"wpb_column vc_column_container vc_col-sm-12 text-center\"><div class=\"vc_column-inner  vc_custom_1684446303652\"><div class=\"wpb_wrapper\"><div id=\"el1689271549441-e4a8f2c2-b041\" class=\"mb-3 text-center  vc_custom_1689271565244\"><div class=\"d-inline-block\" style=\"max-width:800px;\"><h1 class=\"mb-32 pix-sliding-headline-2 animate-in font-weight-bold secondary-font\" data-anim-type=\"pix-sliding-text\" pix-anim-delay=\"500\" data-class=\"secondary-font text-white\" style=\"\"><span class=\"slide-in-container\"><span class=\"pix-sliding-item secondary-font text-white\" style=\"transition-delay: 0ms;\">Trust&#32;<\/span><\/span> <span class=\"slide-in-container\"><span class=\"pix-sliding-item secondary-font text-white\" style=\"transition-delay: 150ms;\">in&#32;<\/span><\/span> <span class=\"slide-in-container\"><span class=\"pix-sliding-item secondary-font text-white\" style=\"transition-delay: 300ms;\">the&#32;<\/span><\/span> <span class=\"slide-in-container\"><span class=\"pix-sliding-item secondary-font text-white\" style=\"transition-delay: 450ms;\">hands&#32;<\/span><\/span> <span class=\"slide-in-container\"><span class=\"pix-sliding-item secondary-font text-white\" style=\"transition-delay: 600ms;\">of&#32;<\/span><\/span> <span class=\"slide-in-container\"><span class=\"pix-sliding-item secondary-font text-white\" style=\"transition-delay: 750ms;\">professionals&#32;<\/span><\/span> <\/h1><\/div><\/div><div class=\"pix-el-text w-100   vc_custom_1687454436354\" ><div class=\"d-inline-block\" style=\"max-width:800px;\"><p class=\"text-18  text-white  font-weight-bold\" ><span class=\"text-white animate-in d-inline-block\" data-anim-delay=\"400\" data-anim-type=\"fade-in-up\">We provide a close and personalized treatment to each of our patients so that the process can be as comfortable as possible. At IVF GUADALAJARA we\u00b4re only made up of trusted professionals.<\/span><\/p><\/div><\/div><a  href=\"https:\/\/ivfgdl.com\/en\/tratamientos\/\" class=\"btn mb-2     shadow-sm text-heading-default btn-white d-inline-block pix-hover-item       animate-in btn-md\"   data-anim-type=\"fade-in-left\" data-anim-delay=\"600\" ><i class=\"font-weight-bold pixicon-bars-menu  pix-hover-left  mr-1\"><\/i> <span class=\"font-weight-bold\" >Fertility Treatments<\/span><\/a><a  href=\"https:\/\/ivfgdl.com\/en\/contacto\/\" class=\"btn mb-2     shadow-sm  bg-light-opacity-2 btn-primary btn-custom-bg  d-inline-block pix-hover-item       animate-in btn-md\"   data-anim-type=\"fade-in-left\" data-anim-delay=\"800\" ><span class=\"font-weight-bold\" >Contact us<\/span> <i class=\"font-weight-bold pixicon-arrow-right2  pix-hover-right  ml-1\"><\/i><\/a><\/div><\/div><\/div><\/div><div class=\"vc_row-full-width vc_clearfix\"><\/div><\/section><div class=\"vc_row-full-width vc_clearfix\"><\/div><section data-vc-full-width=\"true\" data-vc-full-width-init=\"false\" class=\"vc_section vc_section_visible vc_custom_1613442888984 vc_section-has-fill\" data-section-name=\"\"><div class=\"pix-divider pix-top-divider\" data-style=\"style-8\" style=\"top:-1px;\"><svg xmlns=\"http:\/\/www.w3.org\/2000\/svg\" width=\"100%\"  viewbox=\"0 0 1200 366\" preserveaspectratio=\"none\"><polygon fill=\"#ffffff\" points=\"0 360 1200 120 1200 366 0 366\"\/><defs><\/defs><\/svg><\/div><div class=\"pix-divider pix-bottom-divider\" data-style=\"style-8\" style=\"bottom:-1px;\"><svg xmlns=\"http:\/\/www.w3.org\/2000\/svg\" width=\"100%\"  viewbox=\"0 0 1200 366\" preserveaspectratio=\"none\"><polygon fill=\"#ffffff\" points=\"0 360 1200 120 1200 366 0 366\"\/><defs><\/defs><\/svg><\/div><div class=\"vc_row wpb_row vc_row-fluid vc_row_visible vc_row-o-equal-height vc_row-flex\"><div class=\"wpb_column vc_column_container vc_col-sm-12 text-left\"><div class=\"vc_column-inner\"><div class=\"wpb_wrapper\"><div class=\"card rounded-10 overflow-hidden row no-gutters flex-column flex-md-row flex-md-row-reverse   vc_custom_1688493592783 shadow-sm shadow-hover fly-sm  animate-in\" data-anim-delay=\"0\" data-anim-type=\"fade-in-up\"><div class=\"card-body d-flex2 align-content-between flex-wrap col-md-6 p-lg-5 p-md-5 p-4\"><h6 class=\"pix-badge-element d-inline-block mr-1 animate-in\" data-anim-type=\"fade-in-up\" data-anim-delay=\"0\"><span class=\"badge font-weight-bold secondary-font shadow-hover-lg bg-gray-1  vc_custom_1687454451999\" style=\" \"><span class=\"text-heading-default\" style=\"\">Specialist in Fertility and Human Reproduction<\/span><\/span><\/h6><div id=\"el1684777013490-aa041d30-d99a\" class=\"text-left\"><h3 class=\"mb-32 pix-sliding-headline-2 animate-in font-weight-bold secondary-font\" data-anim-type=\"pix-sliding-text\" pix-anim-delay=\"500\" data-class=\"secondary-font text-heading-default\" style=\"\"><span class=\"slide-in-container\"><span class=\"pix-sliding-item secondary-font text-heading-default\" style=\"transition-delay: 0ms;\">Julio&#32;<\/span><\/span> <span class=\"slide-in-container\"><span class=\"pix-sliding-item secondary-font text-heading-default\" style=\"transition-delay: 150ms;\">Octavio&#32;<\/span><\/span> <span class=\"slide-in-container\"><span class=\"pix-sliding-item secondary-font text-heading-default\" style=\"transition-delay: 300ms;\">Villalobos&#32;<\/span><\/span> <span class=\"slide-in-container\"><span class=\"pix-sliding-item secondary-font text-heading-default\" style=\"transition-delay: 450ms;\">Romero&#32;<\/span><\/span> <\/h3><\/div><div class=\"pix-el-text w-100   vc_custom_1740072681433\" ><p class=\"text-sm  text-body-default\" ><span class=\"text-body-default animate-in d-inline-block\" data-anim-delay=\"200\" data-anim-type=\"fade-in-up\">\r\n<p style=\"text-align: justify;\">Graduate of the Universidad Aut\u00f3noma de Guadalajara.<\/p>\r\n<p style=\"text-align: justify;\">Ced. Profesional 5752577<\/p>\r\n<p style=\"text-align: justify;\">Specialty in OB\/ GYN in Guadalajara, Jal. by the Universidad de Guadalajara.<\/p>\r\n<p style=\"text-align: justify;\">Sub-Specialty in Biology of Human Reproduction by UNAM.<\/p>\r\n<p style=\"text-align: justify;\">Certified by the Consejo Mexicano de Ginecolog\u00eda y Obstetricia.<\/p>\r\n<p style=\"text-align: justify;\">Active member of the Colegio de M\u00e9dicos Gineco- Obstetras del Estado de Jalisco A.C. and Asociaci\u00f3n Mexicana de Medicina de la Reproducci\u00f3n A.C. (AMMR).<\/p>\r\n<p style=\"text-align: justify;\">Active member of the European Society of Human Reproduction and Embryology (ESHRE).<\/p>\r\n<\/span><\/p><\/div><div class=\"text-body-default text-right pix-social-icons font-weight-bold d-inline-block  vc_custom_1688494249480\" style=\"\"><a target=\"_blank\" href=\"https:\/\/es-la.facebook.com\/dr.ovillalobos\" aria-label=\"\" class=\"text-body-default animate-in d-inline-block fly-sm text-24 px-3\" data-anim-type=\"fade-in-up\" data-anim-delay=\"200\"><i class=\"pixicon-facebook3\" style=\"\"><\/i><\/a><a target=\"_blank\" href=\"https:\/\/www.instagram.com\/dr.juliovillalobos\/\" aria-label=\"\" class=\"text-body-default animate-in d-inline-block fly-sm text-24 px-3\" data-anim-type=\"fade-in-up\" data-anim-delay=\"300\"><i class=\"pixicon-instagram2\" style=\"\"><\/i><\/a><a target=\"_blank\" href=\"https:\/\/twitter.com\/drfertilidad1\" aria-label=\"\" class=\"text-body-default animate-in d-inline-block fly-sm text-24 px-3\" data-anim-type=\"fade-in-up\" data-anim-delay=\"400\"><i class=\"pixicon-twitter\" style=\"\"><\/i><\/a><a target=\"_blank\" href=\"https:\/\/www.tiktok.com\/@dr.ovillalobos\" aria-label=\"\" class=\"text-body-default animate-in d-inline-block fly-sm text-24 px-3\" data-anim-type=\"fade-in-up\" data-anim-delay=\"500\"><i class=\"pixicon-tik-tok\" style=\"\"><\/i><\/a><\/div><a  href=\"https:\/\/ivfgdl.com\/en\/contacto\/\" class=\"btn mb-2     shadow-inverse-lg shadow-inverse-hover-sm scale-inverse-sm text-white btn-gradient-primary btn-flat d-inline-block    secondary-font  animate-in btn-md\"   data-anim-type=\"fade-in-up\" data-anim-delay=\"400\" ><i class=\"font-weight-bold pixicon-world-map-3   mr-1\"><\/i> <span class=\"font-weight-bold\" >Contact me today!<\/span><\/a><\/div><div class=\"flex-column d-inline-flex position-relative col-md-6\"><img decoding=\"async\" class=\"pix-lazy card-img pix-fit-cover rounded-0 flex-grow-1 h-100\" src=\"https:\/\/ivfgdl.com\/wp-content\/plugins\/pixfort-core\/functions\/images\/loading.webp\" data-srcset=\"https:\/\/ivfgdl.com\/wp-content\/uploads\/2023\/06\/Octavio-2-1-e1688493686686-265x300.jpg 265w, https:\/\/ivfgdl.com\/wp-content\/uploads\/2023\/06\/Octavio-2-1-e1688493686686-905x1024.jpg 905w, https:\/\/ivfgdl.com\/wp-content\/uploads\/2023\/06\/Octavio-2-1-e1688493686686-768x869.jpg 768w, https:\/\/ivfgdl.com\/wp-content\/uploads\/2023\/06\/Octavio-2-1-e1688493686686.jpg 1302w\" data-src=\"https:\/\/ivfgdl.com\/wp-content\/uploads\/2023\/06\/Octavio-2-1-e1688493686686.jpg\" loading=\"lazy\" alt=\"\" \/><\/div><\/div>\n<\/div><\/div><\/div><\/div><div class=\"vc_row wpb_row vc_row-fluid vc_row_visible vc_row-o-equal-height vc_row-flex\"><div class=\"wpb_column vc_column_container vc_col-sm-12 text-left\"><div class=\"vc_column-inner\"><div class=\"wpb_wrapper\"><div class=\"card rounded-10 overflow-hidden row no-gutters flex-column flex-md-row flex-md-row-reverse   vc_custom_1687304533366 shadow-sm shadow-hover fly-sm  animate-in\" data-anim-delay=\"0\" data-anim-type=\"fade-in-up\"><div class=\"card-body d-flex2 align-content-between flex-wrap col-md-6 p-lg-5 p-md-5 p-4\"><h6 class=\"pix-badge-element d-inline-block mr-1 animate-in\" data-anim-type=\"fade-in-up\" data-anim-delay=\"0\"><span class=\"badge font-weight-bold secondary-font shadow-hover-lg bg-gray-1  vc_custom_1687375512302\" style=\" \"><span class=\"text-heading-default\" style=\"\">Specialist in Clinical Embryology<\/span><\/span><\/h6><div id=\"el1686591435125-c220e0bd-2f16\" class=\"text-left\"><h3 class=\"mb-32 pix-sliding-headline-2 animate-in font-weight-bold secondary-font\" data-anim-type=\"pix-sliding-text\" pix-anim-delay=\"500\" data-class=\"secondary-font text-heading-default\" style=\"\"><span class=\"slide-in-container\"><span class=\"pix-sliding-item secondary-font text-heading-default\" style=\"transition-delay: 0ms;\">Erika&#32;<\/span><\/span> <span class=\"slide-in-container\"><span class=\"pix-sliding-item secondary-font text-heading-default\" style=\"transition-delay: 150ms;\">Marisol&#32;<\/span><\/span> <span class=\"slide-in-container\"><span class=\"pix-sliding-item secondary-font text-heading-default\" style=\"transition-delay: 300ms;\">Garc\u00eda&#32;<\/span><\/span> <span class=\"slide-in-container\"><span class=\"pix-sliding-item secondary-font text-heading-default\" style=\"transition-delay: 450ms;\">Garc\u00eda&#32;<\/span><\/span> <\/h3><\/div><div class=\"pix-el-text w-100   vc_custom_1686591592304\" ><p class=\"text-sm  text-body-default\" ><span class=\"text-body-default animate-in d-inline-block\" data-anim-delay=\"200\" data-anim-type=\"fade-in-up\">\r\n<p style=\"text-align: justify;\"><span style=\"font-weight: 400;\">Graduated from the Universidad de Guadalajara with a degree in Biology.<\/span><\/p>\r\n<p style=\"text-align: justify;\"><span style=\"font-weight: 400;\">Certified in Embriolog\u00eda Cl\u00ednica por la Red Latinoam\u00e9rica de Reproducci\u00f3n Asistida.<\/span><\/p>\r\n<\/span><\/p><\/div><div class=\"text-body-default text-right pix-social-icons font-weight-bold d-inline-block  vc_custom_1687375554039\" style=\"\"><a target=\"_blank\" href=\"https:\/\/www.instagram.com\/embryo_mg2\/\" aria-label=\"\" class=\"text-body-default animate-in d-inline-block fly-sm text-24 px-3\" data-anim-type=\"fade-in-up\" data-anim-delay=\"200\"><i class=\"pixicon-instagram2\" style=\"\"><\/i><\/a><\/div><a  href=\"https:\/\/ivfgdl.com\/en\/contacto\/\" class=\"btn mb-2     shadow-inverse-lg shadow-inverse-hover-sm scale-inverse-sm text-white btn-gradient-primary btn-flat d-inline-block    secondary-font  animate-in btn-md\"   data-anim-type=\"fade-in-up\" data-anim-delay=\"400\" ><i class=\"font-weight-bold pixicon-world-map-3   mr-1\"><\/i> <span class=\"font-weight-bold\" >Contact me today!<\/span><\/a><\/div><div class=\"flex-column d-inline-flex position-relative col-md-6\"><img decoding=\"async\" class=\"pix-lazy card-img pix-fit-cover rounded-0 flex-grow-1 h-100\" src=\"https:\/\/ivfgdl.com\/wp-content\/plugins\/pixfort-core\/functions\/images\/loading.webp\" data-srcset=\"https:\/\/ivfgdl.com\/wp-content\/uploads\/2023\/06\/Erika-Marisol-Garcia-Garcia-1-253x300.jpg 253w, https:\/\/ivfgdl.com\/wp-content\/uploads\/2023\/06\/Erika-Marisol-Garcia-Garcia-1-864x1024.jpg 864w, https:\/\/ivfgdl.com\/wp-content\/uploads\/2023\/06\/Erika-Marisol-Garcia-Garcia-1-768x910.jpg 768w, https:\/\/ivfgdl.com\/wp-content\/uploads\/2023\/06\/Erika-Marisol-Garcia-Garcia-1-1296x1536.jpg 1296w, https:\/\/ivfgdl.com\/wp-content\/uploads\/2023\/06\/Erika-Marisol-Garcia-Garcia-1.jpg 1600w\" data-src=\"https:\/\/ivfgdl.com\/wp-content\/uploads\/2023\/06\/Erika-Marisol-Garcia-Garcia-1.jpg\" loading=\"lazy\" alt=\"\" \/><\/div><\/div>\n<\/div><\/div><\/div><\/div><div class=\"vc_row wpb_row vc_row-fluid vc_row_visible vc_row-o-equal-height vc_row-flex\"><div class=\"wpb_column vc_column_container vc_col-sm-12 text-left\"><div class=\"vc_column-inner\"><div class=\"wpb_wrapper\"><div class=\"card rounded-10 overflow-hidden row no-gutters flex-column flex-md-row flex-md-row-reverse   vc_custom_1687304543231 shadow-sm shadow-hover fly-sm  animate-in\" data-anim-delay=\"0\" data-anim-type=\"fade-in-up\"><div class=\"card-body d-flex2 align-content-between flex-wrap col-md-6 p-lg-5 p-md-5 p-4\"><h6 class=\"pix-badge-element d-inline-block mr-1 animate-in\" data-anim-type=\"fade-in-up\" data-anim-delay=\"0\"><span class=\"badge font-weight-bold secondary-font shadow-hover-lg bg-gray-1  vc_custom_1687454492281\" style=\" \"><span class=\"text-heading-default\" style=\"\">Specialist in OB\/GYN<\/span><\/span><\/h6><div id=\"el1686591791683-ea1d379f-0797\" class=\"text-left\"><h3 class=\"mb-32 pix-sliding-headline-2 animate-in font-weight-bold secondary-font\" data-anim-type=\"pix-sliding-text\" pix-anim-delay=\"500\" data-class=\"secondary-font text-heading-default\" style=\"\"><span class=\"slide-in-container\"><span class=\"pix-sliding-item secondary-font text-heading-default\" style=\"transition-delay: 0ms;\">Jorge&#32;<\/span><\/span> <span class=\"slide-in-container\"><span class=\"pix-sliding-item secondary-font text-heading-default\" style=\"transition-delay: 150ms;\">Alberto&#32;<\/span><\/span> <span class=\"slide-in-container\"><span class=\"pix-sliding-item secondary-font text-heading-default\" style=\"transition-delay: 300ms;\">Villalobos&#32;<\/span><\/span> <span class=\"slide-in-container\"><span class=\"pix-sliding-item secondary-font text-heading-default\" style=\"transition-delay: 450ms;\">Romero&#32;<\/span><\/span> <\/h3><\/div><div class=\"pix-el-text w-100   vc_custom_1687190020035\" ><p class=\"text-sm  text-body-default\" ><span class=\"text-body-default animate-in d-inline-block\" data-anim-delay=\"200\" data-anim-type=\"fade-in-up\">\r\n<p style=\"text-align: justify;\">Graduate of the Universidad Aut\u00f3noma de Guadalajara.<\/p>\r\n<p style=\"text-align: justify;\">Specialty in OB\/ GYN in Guadalajara, Jal. by the Universidad de Guadalajara.<\/p>\r\n<p style=\"text-align: justify;\">Master in Colposcopy and Pathology of the Lower Genital Tract at the Instituto Jalisciense de Cancerolog\u00eda.<\/p>\r\n<p style=\"text-align: justify;\">Certified by the Consejo Mexicano de Ginecolog\u00eda y Obstetricia.<\/p>\r\n<p style=\"text-align: justify;\">Active member of the Colegio de M\u00e9dicos Gineco-Obstetras del Estado de Jalisco A.C.<\/p>\r\n<\/span><\/p><\/div><div class=\"text-body-default text-right pix-social-icons font-weight-bold d-inline-block  vc_custom_1740072041482\" style=\"\"><a target=\"_blank\" href=\"https:\/\/www.instagram.com\/dr.jorgevillalobos\/\" aria-label=\"\" class=\"text-body-default animate-in d-inline-block fly-sm text-24 px-3\" data-anim-type=\"fade-in-up\" data-anim-delay=\"200\"><i class=\"pixicon-instagram2\" style=\"\"><\/i><\/a><a target=\"_blank\" href=\"https:\/\/www.tiktok.com\/@draestefaniagine\" aria-label=\"\" class=\"text-body-default animate-in d-inline-block fly-sm text-24 px-3\" data-anim-type=\"fade-in-up\" data-anim-delay=\"300\"><i class=\"pixicon-tik-tok\" style=\"\"><\/i><\/a><\/div><a  href=\"https:\/\/ivfgdl.com\/en\/contacto\/\" class=\"btn mb-2     shadow-inverse-lg shadow-inverse-hover-sm scale-inverse-sm text-white btn-gradient-primary btn-flat d-inline-block    secondary-font  animate-in btn-md\"   data-anim-type=\"fade-in-up\" data-anim-delay=\"400\" ><i class=\"font-weight-bold pixicon-world-map-3   mr-1\"><\/i> <span class=\"font-weight-bold\" >Contact me today!<\/span><\/a><\/div><div class=\"flex-column d-inline-flex position-relative col-md-6\"><img decoding=\"async\" class=\"pix-lazy card-img pix-fit-cover rounded-0 flex-grow-1 h-100\" src=\"https:\/\/ivfgdl.com\/wp-content\/plugins\/pixfort-core\/functions\/images\/loading.webp\" data-srcset=\"https:\/\/ivfgdl.com\/wp-content\/uploads\/2023\/06\/Jorge-Alberto-Villalobos-Romero-1-253x300.jpg 253w, https:\/\/ivfgdl.com\/wp-content\/uploads\/2023\/06\/Jorge-Alberto-Villalobos-Romero-1-864x1024.jpg 864w, https:\/\/ivfgdl.com\/wp-content\/uploads\/2023\/06\/Jorge-Alberto-Villalobos-Romero-1-768x910.jpg 768w, https:\/\/ivfgdl.com\/wp-content\/uploads\/2023\/06\/Jorge-Alberto-Villalobos-Romero-1-1296x1536.jpg 1296w, https:\/\/ivfgdl.com\/wp-content\/uploads\/2023\/06\/Jorge-Alberto-Villalobos-Romero-1.jpg 1600w\" data-src=\"https:\/\/ivfgdl.com\/wp-content\/uploads\/2023\/06\/Jorge-Alberto-Villalobos-Romero-1.jpg\" loading=\"lazy\" alt=\"\" \/><\/div><\/div>\n<div class=\"card rounded-10 overflow-hidden row no-gutters flex-column flex-md-row flex-md-row-reverse   vc_custom_1740068081744 shadow-sm shadow-hover fly-sm  animate-in\" data-anim-delay=\"0\" data-anim-type=\"fade-in-up\"><div class=\"card-body d-flex2 align-content-between flex-wrap col-md-6 p-lg-5 p-md-5 p-4\"><h6 class=\"pix-badge-element d-inline-block mr-1 animate-in\" data-anim-type=\"fade-in-up\" data-anim-delay=\"0\"><span class=\"badge font-weight-bold secondary-font shadow-hover-lg bg-gray-1  vc_custom_1687454492281\" style=\" \"><span class=\"text-heading-default\" style=\"\">Specialist in OB\/GYN<\/span><\/span><\/h6><div id=\"el1740068030574-b05ca571-f491\" class=\"text-left\"><h3 class=\"mb-32 pix-sliding-headline-2 animate-in font-weight-bold secondary-font\" data-anim-type=\"pix-sliding-text\" pix-anim-delay=\"500\" data-class=\"secondary-font text-heading-default\" style=\"\"><span class=\"slide-in-container\"><span class=\"pix-sliding-item secondary-font text-heading-default\" style=\"transition-delay: 0ms;\">Gema&#32;<\/span><\/span> <span class=\"slide-in-container\"><span class=\"pix-sliding-item secondary-font text-heading-default\" style=\"transition-delay: 150ms;\">Estefan\u00eda&#32;<\/span><\/span> <span class=\"slide-in-container\"><span class=\"pix-sliding-item secondary-font text-heading-default\" style=\"transition-delay: 300ms;\">Hermosillo&#32;<\/span><\/span> <span class=\"slide-in-container\"><span class=\"pix-sliding-item secondary-font text-heading-default\" style=\"transition-delay: 450ms;\">Verduzco&#32;<\/span><\/span> <\/h3><\/div><div class=\"pix-el-text w-100   vc_custom_1740072863921\" ><p class=\"text-sm  text-body-default\" ><span class=\"text-body-default animate-in d-inline-block\" data-anim-delay=\"200\" data-anim-type=\"fade-in-up\">\r\n<p style=\"text-align: justify;\">Especialidad en Ginecolog\u00eda y Obstetricia.<\/p>\r\n<p style=\"text-align: justify;\">Ced. Profesional 14411414<\/p>\r\n<p style=\"text-align: justify;\">Certificaci\u00f3n por el Consejo Mexicano de Ginecolog\u00eda y Obstetricia A.C.<\/p>\r\n<p style=\"text-align: justify;\">Constancia como COAUTOR en el 60\u00b0. Congreso Mexicano de Medicina de la Reproducci\u00f3n, con el tema: \u00abAsociaci\u00f3n de los niveles de AMH con la cantidad de \u00f3vulos capturados y \u00f3vulos maduros en mujeres mexicanas con diagn\u00f3stico de infertilidad\u00bb.<\/p>\r\n<p style=\"text-align: justify;\">Capacitaci\u00f3n interprofesional en el Programa de Soporte Vital Avanzado en Obstetricia (ALSO).<\/p>\r\n<\/span><\/p><\/div><div class=\"text-body-default text-right pix-social-icons font-weight-bold d-inline-block  vc_custom_1740072930612\" style=\"\"><a target=\"_blank\" href=\"https:\/\/www.instagram.com\/ginecologa.estefaniahermosillo\/\" aria-label=\"\" class=\"text-body-default animate-in d-inline-block fly-sm text-24 px-3\" data-anim-type=\"fade-in-up\" data-anim-delay=\"200\"><i class=\"pixicon-instagram2\" style=\"\"><\/i><\/a><a  href=\"https:\/\/www.tiktok.com\/@draestefaniagine\" aria-label=\"\" class=\"text-body-default animate-in d-inline-block fly-sm text-24 px-3\" data-anim-type=\"fade-in-up\" data-anim-delay=\"300\"><i class=\"pixicon-tik-tok\" style=\"\"><\/i><\/a><\/div><a  href=\"https:\/\/ivfgdl.com\/en\/contacto\/\" class=\"btn mb-2     shadow-inverse-lg shadow-inverse-hover-sm scale-inverse-sm text-white btn-gradient-primary btn-flat d-inline-block    secondary-font  animate-in btn-md\"   data-anim-type=\"fade-in-up\" data-anim-delay=\"400\" ><i class=\"font-weight-bold pixicon-world-map-3   mr-1\"><\/i> <span class=\"font-weight-bold\" >Contact me today!<\/span><\/a><\/div><div class=\"flex-column d-inline-flex position-relative col-md-6\"><img decoding=\"async\" class=\"pix-lazy card-img pix-fit-cover rounded-0 flex-grow-1 h-100\" src=\"https:\/\/ivfgdl.com\/wp-content\/plugins\/pixfort-core\/functions\/images\/loading.webp\" data-srcset=\"https:\/\/ivfgdl.com\/wp-content\/uploads\/2025\/02\/Dra.-Estefania-Hermosillo-Pagina-web-253x300.jpg 253w, https:\/\/ivfgdl.com\/wp-content\/uploads\/2025\/02\/Dra.-Estefania-Hermosillo-Pagina-web-864x1024.jpg 864w, https:\/\/ivfgdl.com\/wp-content\/uploads\/2025\/02\/Dra.-Estefania-Hermosillo-Pagina-web-768x910.jpg 768w, https:\/\/ivfgdl.com\/wp-content\/uploads\/2025\/02\/Dra.-Estefania-Hermosillo-Pagina-web-1296x1536.jpg 1296w, https:\/\/ivfgdl.com\/wp-content\/uploads\/2025\/02\/Dra.-Estefania-Hermosillo-Pagina-web-1728x2048.jpg 1728w, https:\/\/ivfgdl.com\/wp-content\/uploads\/2025\/02\/Dra.-Estefania-Hermosillo-Pagina-web-10x12.jpg 10w\" data-src=\"https:\/\/ivfgdl.com\/wp-content\/uploads\/2025\/02\/Dra.-Estefania-Hermosillo-Pagina-web-scaled.jpg\" loading=\"lazy\" alt=\"\" \/><\/div><\/div>\n<\/div><\/div><\/div><\/div><\/section><div class=\"vc_row-full-width vc_clearfix\"><\/div><\/section>","protected":false},"excerpt":{"rendered":"Trust&#32; in&#32; the&#32; hands&#32; of&#32; professionals&#32; Brindamos un trato cercano y personalizado a cada uno de nuestros pacientes para que el proceso pueda ser lo m\u00e1s c\u00f3modo posible. En IVF GUADALAJARA nos conformamos \u00fanicamente por profesionales de confianza. Ver tratamientosCont\u00e1ctanos...","protected":false},"author":1,"featured_media":0,"parent":0,"menu_order":0,"comment_status":"closed","ping_status":"closed","template":"","meta":{"footnotes":""},"class_list":["post-3519","page","type-page","status-publish","hentry"],"_links":{"self":[{"href":"https:\/\/ivfgdl.com\/en\/wp-json\/wp\/v2\/pages\/3519","targetHints":{"allow":["GET"]}}],"collection":[{"href":"https:\/\/ivfgdl.com\/en\/wp-json\/wp\/v2\/pages"}],"about":[{"href":"https:\/\/ivfgdl.com\/en\/wp-json\/wp\/v2\/types\/page"}],"author":[{"embeddable":true,"href":"https:\/\/ivfgdl.com\/en\/wp-json\/wp\/v2\/users\/1"}],"replies":[{"embeddable":true,"href":"https:\/\/ivfgdl.com\/en\/wp-json\/wp\/v2\/comments?post=3519"}],"version-history":[{"count":98,"href":"https:\/\/ivfgdl.com\/en\/wp-json\/wp\/v2\/pages\/3519\/revisions"}],"predecessor-version":[{"id":4174,"href":"https:\/\/ivfgdl.com\/en\/wp-json\/wp\/v2\/pages\/3519\/revisions\/4174"}],"wp:attachment":[{"href":"https:\/\/ivfgdl.com\/en\/wp-json\/wp\/v2\/media?parent=3519"}],"curies":[{"name":"wp","href":"https:\/\/api.w.org\/{rel}","templated":true}]}}