{"id":3643,"date":"2023-05-22T19:03:19","date_gmt":"2023-05-22T19:03:19","guid":{"rendered":"https:\/\/ivfgdl.com\/?page_id=3643"},"modified":"2023-07-21T00:00:10","modified_gmt":"2023-07-21T00:00:10","slug":"preguntas-frecuentes","status":"publish","type":"page","link":"https:\/\/ivfgdl.com\/en\/preguntas-frecuentes\/","title":{"rendered":"FAQ"},"content":{"rendered":"<section class=\"wpb-content-wrapper\"><section data-vc-full-width=\"true\" data-vc-full-width-init=\"false\" class=\"vc_section vc_section_visible custom-responsive-123890906 vc_custom_1684781372924 vc_section-has-fill\" data-section-name=\"\"><div class=\"vc_row wpb_row vc_row-fluid vc_row_visible custom-responsive-4347711 vc_custom_1616976025982\"><div class=\"wpb_column vc_column_container vc_col-sm-6 text-left\"><div class=\"vc_column-inner\"><div class=\"wpb_wrapper\"><div id=\"duo-icon-174411927\" class=\"pix-icon text-left  vc_custom_1685131068812\"><div class=\"feature_img\"   style=\"width:150px;height:auto;display:inline-block;position:relative;\"><img decoding=\"async\" style=\"width:150px;height:150px;\" class=\"img-fluid2 pix-fit-cover\" src=\"https:\/\/ivfgdl.com\/wp-content\/uploads\/2023\/05\/001-feto_0001_Capa-1.png\" alt=\"\"><\/div><\/div><div  class=\"pix-heading-el text-left  vc_custom_1689897575548\"><div><div class=\"slide-in-container\"><h3 class=\"text-heading-default font-weight-bold heading-text el-title_custom_color mb-12\" style=\"\" data-anim-type=\"\" data-anim-delay=\"0\">Frequently Asked Questions<\/h3><\/div><\/div><\/div><div class=\"pix-el-text w-100   vc_custom_1684799913405\" ><p class=\"text-20  text-dark-opacity-5\" >Here you will find the answers to the most frequently asked questions about our fertility treatments. Our specialists are ready to answer all your questions.<\/p><\/div><\/div><\/div><\/div><div class=\"wpb_column vc_column_container vc_col-sm-6 text-left\"><div class=\"vc_column-inner\"><div class=\"wpb_wrapper\"><div class=\"accordion w-100 accordion-card bg-white2 rounded-lg2\" id=\"accordion-1590709472675-f4008e87-9d5b\"><div class=\"card\">\n           <div class=\"card-header bg-white pix-mb-10 shadow-sm rounded-lg\" id=\"heading1590709472686-eb19bb6a-ed3f54cd-6180\">\n               <button class=\"btn btn-link text-left rounded-lg bg-custom\" type=\"button\" data-toggle=\"collapse\" data-target=\"#collapse1590709472686-eb19bb6a-ed3f54cd-6180\" aria-expanded=\"true\" aria-controls=\"collapse1590709472686-eb19bb6a-ed3f54cd-6180\" style=\"background:#f8f9fa\"><i class=\"pixicon-msg-check-2 text-primary text-20 pix-mr-10\" ><\/i> <span class=\"font-weight-bold secondary-font text-heading-default\" >1.- When should you consult a fertility specialist?<\/span><\/button>\n           <\/div>\n           <div id=\"collapse1590709472686-eb19bb6a-ed3f54cd-6180\" class=\"collapse show\" aria-labelledby=\"heading1590709472686-eb19bb6a-ed3f54cd-6180\">\n             <div class=\"card-body\">\n                 <div class=\"pix-el-text w-100\" ><p class=\"text-body-default\" >It's recommended to consult a fertility specialist if you haven't achieved a pregnancy after a year of having sexual relations without any contraceptive method and the woman is under 35 years old. In women older than 35 years, it's recommended to go after a period of 6 months.<\/p><\/div>\n             <\/div>\n           <\/div>\n         <\/div><div class=\"card\">\n           <div class=\"card-header bg-white pix-mb-10 shadow-sm rounded-lg\" id=\"heading1590709577267-a3f17367-056254cd-6180\">\n               <button class=\"btn btn-link text-left rounded-lg bg-custom\" type=\"button\" data-toggle=\"collapse\" data-target=\"#collapse1590709577267-a3f17367-056254cd-6180\" aria-expanded=\"true\" aria-controls=\"collapse1590709577267-a3f17367-056254cd-6180\" style=\"background:#f8f9fa\"><i class=\"pixicon-msg-check-2 text-primary text-20 pix-mr-10\" ><\/i> <span class=\"font-weight-bold secondary-font text-heading-default\" >2.- Should the consultation be as a couple?<\/span><\/button>\n           <\/div>\n           <div id=\"collapse1590709577267-a3f17367-056254cd-6180\" class=\"collapse\" aria-labelledby=\"heading1590709577267-a3f17367-056254cd-6180\">\n             <div class=\"card-body\">\n                 <div class=\"pix-el-text w-100\" ><p class=\"text-body-default\" >\r\n<p style=\"text-align: justify;\"><span style=\"font-weight: 400;\">Preferably yes, since the studies that determine the factors that affect fertility in the couple indicate that 33% of the cases are directly related to the woman, another 33% is exclusively related to the man and the last 33% to problems of <strong>both members.<\/strong><\/span><\/p>\r\n<\/p><\/div>\n             <\/div>\n           <\/div>\n         <\/div><div class=\"card\">\n           <div class=\"card-header bg-white pix-mb-10 shadow-sm rounded-lg\" id=\"heading1590709628460-e48f739e-ddc854cd-6180\">\n               <button class=\"btn btn-link text-left rounded-lg bg-custom\" type=\"button\" data-toggle=\"collapse\" data-target=\"#collapse1590709628460-e48f739e-ddc854cd-6180\" aria-expanded=\"true\" aria-controls=\"collapse1590709628460-e48f739e-ddc854cd-6180\" style=\"background:#f8f9fa\"><i class=\"pixicon-msg-check-2 text-primary text-20 pix-mr-10\" ><\/i> <span class=\"font-weight-bold secondary-font text-heading-default\" >3.- What are the factors that affect fertility?<\/span><\/button>\n           <\/div>\n           <div id=\"collapse1590709628460-e48f739e-ddc854cd-6180\" class=\"collapse\" aria-labelledby=\"heading1590709628460-e48f739e-ddc854cd-6180\">\n             <div class=\"card-body\">\n                 <div class=\"pix-el-text w-100\" ><p class=\"text-body-default\" >There are various factors that directly affect fertility such as female, male or even mixed factors. At IVF GUADALAJARA we analyze the causes of each case to together find the best treatment for our patients.<\/p><\/div>\n             <\/div>\n           <\/div>\n         <\/div><div class=\"card\">\n           <div class=\"card-header bg-white pix-mb-10 shadow-sm rounded-lg\" id=\"heading1613530278543-37ff2246-5fb854cd-6180\">\n               <button class=\"btn btn-link text-left rounded-lg bg-custom\" type=\"button\" data-toggle=\"collapse\" data-target=\"#collapse1613530278543-37ff2246-5fb854cd-6180\" aria-expanded=\"true\" aria-controls=\"collapse1613530278543-37ff2246-5fb854cd-6180\" style=\"background:#f8f9fa\"><i class=\"pixicon-msg-check-2 text-primary text-20 pix-mr-10\" ><\/i> <span class=\"font-weight-bold secondary-font text-heading-default\" >4.- What is the importance of the age of the couple in their fertility?<\/span><\/button>\n           <\/div>\n           <div id=\"collapse1613530278543-37ff2246-5fb854cd-6180\" class=\"collapse\" aria-labelledby=\"heading1613530278543-37ff2246-5fb854cd-6180\">\n             <div class=\"card-body\">\n                 <div class=\"pix-el-text w-100\" ><p class=\"text-body-default\" >Age in women is very important, in fact, it is a determining factor of fertility, in men it is important but not decisive.<\/p><\/div>\n             <\/div>\n           <\/div>\n         <\/div><div class=\"card\">\n           <div class=\"card-header bg-white pix-mb-10 shadow-sm rounded-lg\" id=\"heading1613530444455-27b1d2c8-4ae654cd-6180\">\n               <button class=\"btn btn-link text-left rounded-lg bg-custom\" type=\"button\" data-toggle=\"collapse\" data-target=\"#collapse1613530444455-27b1d2c8-4ae654cd-6180\" aria-expanded=\"true\" aria-controls=\"collapse1613530444455-27b1d2c8-4ae654cd-6180\" style=\"background:#f8f9fa\"><i class=\"pixicon-msg-check-2 text-primary text-20 pix-mr-10\" ><\/i> <span class=\"font-weight-bold secondary-font text-heading-default\" >5.- What is the probability of pregnancy? What does it depend on?<\/span><\/button>\n           <\/div>\n           <div id=\"collapse1613530444455-27b1d2c8-4ae654cd-6180\" class=\"collapse\" aria-labelledby=\"heading1613530444455-27b1d2c8-4ae654cd-6180\">\n             <div class=\"card-body\">\n                 <div class=\"pix-el-text w-100\" ><p class=\"text-body-default\" >\r\n<p style=\"text-align: justify;\"><span style=\"font-weight: 400;\">For the general population, the possibility of pregnancy is 45% per attempt (in highly complex treatments at IVF Guadalajara). The factors that increase or decrease this value are: age of the woman, number and quality of eggs retrieved, semen quality, number and quality of embryos obtained, and number of embryos transferred.<\/span><\/p>\r\n<\/p><\/div>\n             <\/div>\n           <\/div>\n         <\/div><div class=\"card\">\n           <div class=\"card-header bg-white pix-mb-10 shadow-sm rounded-lg\" id=\"heading1684781318207-4b1d0bbe-1ee0\">\n               <button class=\"btn btn-link text-left rounded-lg bg-custom\" type=\"button\" data-toggle=\"collapse\" data-target=\"#collapse1684781318207-4b1d0bbe-1ee0\" aria-expanded=\"true\" aria-controls=\"collapse1684781318207-4b1d0bbe-1ee0\" style=\"background:#f8f9fa\"><i class=\"pixicon-msg-check-2 text-primary text-20 pix-mr-10\" ><\/i> <span class=\"font-weight-bold secondary-font text-heading-default\" >6.- What is the risk of ovarian stimulation?<\/span><\/button>\n           <\/div>\n           <div id=\"collapse1684781318207-4b1d0bbe-1ee0\" class=\"collapse\" aria-labelledby=\"heading1684781318207-4b1d0bbe-1ee0\">\n             <div class=\"card-body\">\n                 <div class=\"pix-el-text w-100\" ><p class=\"text-body-default\" >It is a very common treatment, the main risk is multiple pregnancy, which is avoided by being prudent both the doctor and the patients.<\/p><\/div>\n             <\/div>\n           <\/div>\n         <\/div><\/div><\/div><\/div><\/div><\/div><div class=\"vc_row wpb_row vc_row-fluid vc_row_visible custom-responsive-80386681\"><div class=\"wpb_column vc_column_container vc_col-sm-6 text-left\"><div class=\"vc_column-inner\"><div class=\"wpb_wrapper\"><div id=\"duo-icon-110489942\" class=\"pix-icon text-left  vc_custom_1685131194311\"><div class=\"feature_img\"   style=\"width:150px;height:auto;display:inline-block;position:relative;\"><img decoding=\"async\" style=\"width:150px;height:150px;\" class=\"img-fluid2 pix-fit-cover\" src=\"https:\/\/ivfgdl.com\/wp-content\/uploads\/2023\/05\/001-feto_0000_002-embarazada.png\" alt=\"\"><\/div><\/div><div  class=\"pix-heading-el text-left  vc_custom_1689897605421\"><div><div class=\"slide-in-container\"><h3 class=\"text-heading-default font-weight-bold heading-text el-title_custom_color mb-12\" style=\"\" data-anim-type=\"\" data-anim-delay=\"0\">Do you have more questions?<\/h3><\/div><\/div><\/div><div class=\"pix-el-text w-100   vc_custom_1688574815205\" ><p class=\"text-20  text-dark-opacity-5\" >In this new stage of your life, it's natural to have different doubts, which is why the team of professionals at IVF GUADALAJARA provides you with the answer to each one of them.<\/p><\/div><\/div><\/div><\/div><div class=\"wpb_column vc_column_container vc_col-sm-6 text-left\"><div class=\"vc_column-inner\"><div class=\"wpb_wrapper\"><div class=\"accordion w-100 accordion-card bg-white2 rounded-lg2\" id=\"accordion-1613530770614-cb9666c9-6da9\"><div class=\"card\">\n           <div class=\"card-header bg-white pix-mb-10 shadow-sm rounded-lg\" id=\"heading1613530770615-c15787c3-50c154cd-6180\">\n               <button class=\"btn btn-link text-left rounded-lg bg-custom\" type=\"button\" data-toggle=\"collapse\" data-target=\"#collapse1613530770615-c15787c3-50c154cd-6180\" aria-expanded=\"true\" aria-controls=\"collapse1613530770615-c15787c3-50c154cd-6180\" style=\"background:#f8f9fa\"><i class=\"pixicon-msg-check-2 text-primary text-20 pix-mr-10\" ><\/i> <span class=\"font-weight-bold secondary-font text-heading-default\" >7.- What is the risk of multiple pregnancy?<\/span><\/button>\n           <\/div>\n           <div id=\"collapse1613530770615-c15787c3-50c154cd-6180\" class=\"collapse\" aria-labelledby=\"heading1613530770615-c15787c3-50c154cd-6180\">\n             <div class=\"card-body\">\n                 <div class=\"pix-el-text w-100\" ><p class=\"text-body-default\" >\r\n<p style=\"text-align: justify;\"><span style=\"font-weight: 400;\">The risk depends on the type of treatment for which you're a candidate. If the treatment is complex, the risk of having a multiple pregnancy is greater. There is between 20% to 25% of having a multiple pregnancy.<\/span><\/p>\r\n<\/p><\/div>\n             <\/div>\n           <\/div>\n         <\/div><div class=\"card\">\n           <div class=\"card-header bg-white pix-mb-10 shadow-sm rounded-lg\" id=\"heading1613530770614-db5725eb-b0e954cd-6180\">\n               <button class=\"btn btn-link text-left rounded-lg bg-custom\" type=\"button\" data-toggle=\"collapse\" data-target=\"#collapse1613530770614-db5725eb-b0e954cd-6180\" aria-expanded=\"true\" aria-controls=\"collapse1613530770614-db5725eb-b0e954cd-6180\" style=\"background:#f8f9fa\"><i class=\"pixicon-msg-check-2 text-primary text-20 pix-mr-10\" ><\/i> <span class=\"font-weight-bold secondary-font text-heading-default\" >8.- What happens on the day of the egg retrieval?<\/span><\/button>\n           <\/div>\n           <div id=\"collapse1613530770614-db5725eb-b0e954cd-6180\" class=\"collapse show\" aria-labelledby=\"heading1613530770614-db5725eb-b0e954cd-6180\">\n             <div class=\"card-body\">\n                 <div class=\"pix-el-text w-100\" ><p class=\"text-body-default\" >\r\n<p style=\"text-align: justify;\"><span style=\"font-weight: 400;\">Egg retrieval is vaginal, with a fine needle. Intravenous anesthesia (sedation) is used. In these conditions there is no pain at the time of the retrieval and mild pain occurs afterward. As it is an outpatient procedure, they usually go home about two hours after the intervention. Rest should be kept that day.<\/span><\/p>\r\n<\/p><\/div>\n             <\/div>\n           <\/div>\n         <\/div><div class=\"card\">\n           <div class=\"card-header bg-white pix-mb-10 shadow-sm rounded-lg\" id=\"heading1613530770617-79963a89-27b654cd-6180\">\n               <button class=\"btn btn-link text-left rounded-lg bg-custom\" type=\"button\" data-toggle=\"collapse\" data-target=\"#collapse1613530770617-79963a89-27b654cd-6180\" aria-expanded=\"true\" aria-controls=\"collapse1613530770617-79963a89-27b654cd-6180\" style=\"background:#f8f9fa\"><i class=\"pixicon-msg-check-2 text-primary text-20 pix-mr-10\" ><\/i> <span class=\"font-weight-bold secondary-font text-heading-default\" >9.- When can a failed attempt be repeated?<\/span><\/button>\n           <\/div>\n           <div id=\"collapse1613530770617-79963a89-27b654cd-6180\" class=\"collapse\" aria-labelledby=\"heading1613530770617-79963a89-27b654cd-6180\">\n             <div class=\"card-body\">\n                 <div class=\"pix-el-text w-100\" ><p class=\"text-body-default\" >\r\n<p style=\"text-align: justify;\"><span style=\"font-weight: 400;\">At least one cycle (one month) must elapse since the last menstrual period to try again.<\/span><\/p>\r\n<\/p><\/div>\n             <\/div>\n           <\/div>\n         <\/div><div class=\"card\">\n           <div class=\"card-header bg-white pix-mb-10 shadow-sm rounded-lg\" id=\"heading1613530770618-bb9ce92e-ce0354cd-6180\">\n               <button class=\"btn btn-link text-left rounded-lg bg-custom\" type=\"button\" data-toggle=\"collapse\" data-target=\"#collapse1613530770618-bb9ce92e-ce0354cd-6180\" aria-expanded=\"true\" aria-controls=\"collapse1613530770618-bb9ce92e-ce0354cd-6180\" style=\"background:#f8f9fa\"><i class=\"pixicon-msg-check-2 text-primary text-20 pix-mr-10\" ><\/i> <span class=\"font-weight-bold secondary-font text-heading-default\" >10.- And when the man does not have sperm (azoospermia)?<\/span><\/button>\n           <\/div>\n           <div id=\"collapse1613530770618-bb9ce92e-ce0354cd-6180\" class=\"collapse\" aria-labelledby=\"heading1613530770618-bb9ce92e-ce0354cd-6180\">\n             <div class=\"card-body\">\n                 <div class=\"pix-el-text w-100\" ><p class=\"text-body-default\" >\r\n<p style=\"text-align: justify;\"><span style=\"font-weight: 400;\">First, we must diagnose if it is an obstruction (it has spermatozoa, but they don\u2019t appear in the semen) or if there is a defect by which spermatozoa are not produced. In the first case, it\u2019s usually easy to recover sperm by epididymal retrieval (with local anesthesia) and enter the ICSI technique. In the second case, a hormonal alteration must be ruled out before performing a testicular biopsy, to later enter the ICSI technique.<\/span><\/p>\r\n<\/p><\/div>\n             <\/div>\n           <\/div>\n         <\/div><div class=\"card\">\n           <div class=\"card-header bg-white pix-mb-10 shadow-sm rounded-lg\" id=\"heading1613530770616-091a78cc-1fb954cd-6180\">\n               <button class=\"btn btn-link text-left rounded-lg bg-custom\" type=\"button\" data-toggle=\"collapse\" data-target=\"#collapse1613530770616-091a78cc-1fb954cd-6180\" aria-expanded=\"true\" aria-controls=\"collapse1613530770616-091a78cc-1fb954cd-6180\" style=\"background:#f8f9fa\"><i class=\"pixicon-msg-check-2 text-primary text-20 pix-mr-10\" ><\/i> <span class=\"font-weight-bold secondary-font text-heading-default\" >11.- What is the risk of malformed sperm-producing babies with defects?<\/span><\/button>\n           <\/div>\n           <div id=\"collapse1613530770616-091a78cc-1fb954cd-6180\" class=\"collapse\" aria-labelledby=\"heading1613530770616-091a78cc-1fb954cd-6180\">\n             <div class=\"card-body\">\n                 <div class=\"pix-el-text w-100\" ><p class=\"text-body-default\" >\r\n<p style=\"text-align: justify;\"><span style=\"font-weight: 400;\">Basically none. Sperm morphology refers to its ability to fertilize the egg. There is no relationship between this and the genetic information of the sperm that is what contributes to forming the baby.<\/span><\/p>\r\n<\/p><\/div>\n             <\/div>\n           <\/div>\n         <\/div><div class=\"card\">\n           <div class=\"card-header bg-white pix-mb-10 shadow-sm rounded-lg\" id=\"heading1684781320561-e6d9fc67-0955\">\n               <button class=\"btn btn-link text-left rounded-lg bg-custom\" type=\"button\" data-toggle=\"collapse\" data-target=\"#collapse1684781320561-e6d9fc67-0955\" aria-expanded=\"true\" aria-controls=\"collapse1684781320561-e6d9fc67-0955\" style=\"background:#f8f9fa\"><i class=\"pixicon-msg-check-2 text-primary text-20 pix-mr-10\" ><\/i> <span class=\"font-weight-bold secondary-font text-heading-default\" ><strong>12.- Can you freeze my husband's sperm?<\/strong><\/span><\/button>\n           <\/div>\n           <div id=\"collapse1684781320561-e6d9fc67-0955\" class=\"collapse\" aria-labelledby=\"heading1684781320561-e6d9fc67-0955\">\n             <div class=\"card-body\">\n                 <div class=\"pix-el-text w-100\" ><p class=\"text-body-default\" >\r\n<p style=\"text-align: justify;\"><span style=\"font-weight: 400;\">Yes, although in some cases it isn't necessary, this is mainly recommended for cancer patients, for fertility preservation or in couples who, due to distance issues, can't be physically present at the time of their treatment.<\/span><\/p>\r\n<\/p><\/div>\n             <\/div>\n           <\/div>\n         <\/div><\/div><\/div><\/div><\/div><\/div><\/section><div class=\"vc_row-full-width vc_clearfix\"><\/div><\/section>","protected":false},"excerpt":{"rendered":"Frequently Asked QuestionsAqu\u00ed encontrar\u00e1s las respuestas a las preguntas m\u00e1s frecuentes sobre nuestros tratamientos de fertilidad. Nuestros especialistas est\u00e1n listos para contestar a todas tus dudas. 1.- \u00bfCu\u00e1ndo se debe consultar a un especialista de fertilidad? Se recomienda consultar a...","protected":false},"author":1,"featured_media":0,"parent":0,"menu_order":0,"comment_status":"closed","ping_status":"closed","template":"","meta":{"footnotes":""},"class_list":["post-3643","page","type-page","status-publish","hentry"],"_links":{"self":[{"href":"https:\/\/ivfgdl.com\/en\/wp-json\/wp\/v2\/pages\/3643","targetHints":{"allow":["GET"]}}],"collection":[{"href":"https:\/\/ivfgdl.com\/en\/wp-json\/wp\/v2\/pages"}],"about":[{"href":"https:\/\/ivfgdl.com\/en\/wp-json\/wp\/v2\/types\/page"}],"author":[{"embeddable":true,"href":"https:\/\/ivfgdl.com\/en\/wp-json\/wp\/v2\/users\/1"}],"replies":[{"embeddable":true,"href":"https:\/\/ivfgdl.com\/en\/wp-json\/wp\/v2\/comments?post=3643"}],"version-history":[{"count":24,"href":"https:\/\/ivfgdl.com\/en\/wp-json\/wp\/v2\/pages\/3643\/revisions"}],"predecessor-version":[{"id":4133,"href":"https:\/\/ivfgdl.com\/en\/wp-json\/wp\/v2\/pages\/3643\/revisions\/4133"}],"wp:attachment":[{"href":"https:\/\/ivfgdl.com\/en\/wp-json\/wp\/v2\/media?parent=3643"}],"curies":[{"name":"wp","href":"https:\/\/api.w.org\/{rel}","templated":true}]}}