{"id":4104,"date":"2023-07-19T17:16:06","date_gmt":"2023-07-19T17:16:06","guid":{"rendered":"https:\/\/ivfgdl.com\/?page_id=4104"},"modified":"2023-07-19T17:32:42","modified_gmt":"2023-07-19T17:32:42","slug":"citas","status":"publish","type":"page","link":"https:\/\/ivfgdl.com\/en\/citas\/","title":{"rendered":"Citas Calendly"},"content":{"rendered":"<section class=\"wpb-content-wrapper\"><section data-vc-full-width=\"true\" data-vc-full-width-init=\"false\" class=\"vc_section vc_section_visible vc_custom_1689787954033 bg-gradient-primary\" data-section-name=\"\"><div class=\"pix_element_overlay  bg-gradient-primary\" style=\"pointer-events:none;;position:absolute;width:100%;height:100%;top:0;left:0;opacity:0.85;\"><\/div><div class=\"pix-divider pix-bottom-divider\" data-style=\"style-dynamic\" style=\"bottom:-1px;\"><div class=\"pix-dividers-box\" >\n                    <svg class=\"pix-shape-dividers\"  viewbox=\"0 0 100 100\" preserveaspectratio=\"none\">\n                        <defs><lineargradient id=\"divider-8727-bottom-overlay-color-0\" x1=\"0%\" y1=\"0%\" x2=\"100%\" y2=\"0%\"><stop offset=\"0%\"   stop-color=\"rgba(248,249,250,0.25)\"\/><stop offset=\"100%\"   stop-color=\"#f8f9fa\"\/><\/lineargradient><lineargradient id=\"divider-8727-bottom-overlay-color-1\" x1=\"0%\" y1=\"0%\" x2=\"100%\" y2=\"0%\"><stop offset=\"0%\"   stop-color=\"rgba(248,249,250,0.5)\"\/><stop offset=\"100%\"   stop-color=\"#f8f9fa\"\/><\/lineargradient><lineargradient id=\"divider-8727-bottom-overlay-color-2\" x1=\"0%\" y1=\"0%\" x2=\"100%\" y2=\"0%\"><stop offset=\"0%\"   stop-color=\"#f8f9fa\"\/><stop offset=\"100%\"   stop-color=\"#f8f9fa\"\/><\/lineargradient><\/defs><path d=\"\" class=\"\" fill=\"url(#divider-8727-bottom-overlay-color-0)\"><\/path><path d=\"\" class=\"\" fill=\"url(#divider-8727-bottom-overlay-color-1)\"><\/path><path d=\"\" class=\"\" fill=\"url(#divider-8727-bottom-overlay-color-2)\"><\/path>\n                    <\/svg>\n                <\/div><\/div><div data-vc-full-width=\"true\" data-vc-full-width-init=\"false\" class=\"vc_row wpb_row vc_row-fluid vc_row_visible\"><div class=\"wpb_column vc_column_container vc_col-sm-12 text-center\"><div class=\"vc_column-inner\"><div class=\"wpb_wrapper\"><h6 class=\"pix-badge-element d-inline-block mr-1 animate-in\" data-anim-type=\"fade-in-up\" data-anim-delay=\"0\"><span class=\"badge font-weight-bold secondary-font bg-light-opacity-2  vc_custom_1689786867753\" style=\" \"><span class=\"text-white\" style=\"\">Your virtual consultation just one click away!<\/span><\/span><\/h6><div id=\"el1689786697258-7d381838-6e90\" class=\"mb-3 text-center  vc_custom_1689786859418\"><h2 class=\"mb-32 pix-sliding-headline-2 animate-in font-weight-bold secondary-font\" data-anim-type=\"pix-sliding-text\" pix-anim-delay=\"500\" data-class=\"secondary-font text-white\" style=\"\"><span class=\"slide-in-container\"><span class=\"pix-sliding-item secondary-font text-white\" style=\"transition-delay: 0ms;\">Book<\/span><\/span> <span class=\"slide-in-container\"><span class=\"pix-sliding-item secondary-font text-white\" style=\"transition-delay: 150ms;\">your<\/span><\/span> <span class=\"slide-in-container\"><span class=\"pix-sliding-item secondary-font text-white\" style=\"transition-delay: 300ms;\">appointment<\/span><\/span> <span class=\"slide-in-container\"><span class=\"pix-sliding-item secondary-font text-white\" style=\"transition-delay: 450ms;\">in<\/span><\/span> <span class=\"slide-in-container\"><span class=\"pix-sliding-item secondary-font text-white\" style=\"transition-delay: 600ms;\">a few<\/span><\/span> <span class=\"slide-in-container\"><span class=\"pix-sliding-item secondary-font text-white\" style=\"transition-delay: 750ms;\">steps<\/span><\/span> <\/h2><\/div><div class=\"pix-el-text w-100 text-center\" ><div class=\"d-inline-block\" style=\"max-width:500px;\"><p class=\"text-20  text-light-opacity-5 text-center\" ><span class=\"text-light-opacity-5 animate-in d-inline-block\" data-anim-delay=\"200\" data-anim-type=\"fade-in-up\">With just a few clicks, you can book an appointment at our clinic and begin your journey to conception.<\/span><\/p><\/div><\/div><\/div><\/div><\/div><\/div><div class=\"vc_row-full-width vc_clearfix\"><\/div><\/section><div class=\"vc_row-full-width vc_clearfix\"><\/div><section class=\"vc_section vc_section_visible vc_custom_1689786830684\" data-section-name=\"\"><div id=\"pix_section_calendly\" class=\"vc_row wpb_row vc_row-fluid vc_row_visible vc_row-o-content-middle vc_row-flex\"><div class=\"wpb_column vc_column_container vc_col-sm-12 text-left\"><div class=\"vc_column-inner\"><div class=\"wpb_wrapper\"><div class=\"card  overflow-hidden row no-gutters flex-column flex-md-row flex-md-row-reverse   vc_custom_1689787716684 shadow-sm shadow-hover-sm fly-sm\" ><div class=\"card-body d-flex2 align-content-between flex-wrap col-md-6 p-lg-5 p-md-5 p-4\">\n\t<div class=\"wpb_raw_code wpb_content_element wpb_raw_html\" >\n\t\t<div class=\"wpb_wrapper\">\n\t\t\t<!-- Principio del widget integrado de Calendly -->\n<div class=\"calendly-inline-widget\" data-url=\"https:\/\/calendly.com\/ivf-callcenter\" style=\"min-width:320px;height:700px;\"><\/div>\n<script type=\"text\/javascript\" src=\"https:\/\/assets.calendly.com\/assets\/external\/widget.js\" async><\/script>\n<!-- Final del widget integrado de Calendly -->\n\n\t\t<\/div>\n\t<\/div>\n<\/div><div class=\"flex-column d-inline-flex position-relative col-md-6\"><img decoding=\"async\" class=\"pix-lazy card-img pix-fit-cover rounded-0 flex-grow-1 h-100\" src=\"https:\/\/ivfgdl.com\/wp-content\/plugins\/pixfort-core\/functions\/images\/loading.webp\" data-srcset=\"https:\/\/ivfgdl.com\/wp-content\/uploads\/2023\/07\/clinica-de-fertilidad-guadalajara-218x300.jpg 218w, https:\/\/ivfgdl.com\/wp-content\/uploads\/2023\/07\/clinica-de-fertilidad-guadalajara-9x12.jpg 9w, https:\/\/ivfgdl.com\/wp-content\/uploads\/2023\/07\/clinica-de-fertilidad-guadalajara.jpg 640w\" data-src=\"https:\/\/ivfgdl.com\/wp-content\/uploads\/2023\/07\/clinica-de-fertilidad-guadalajara.jpg\" loading=\"lazy\" alt=\"\" \/><\/div><\/div>\n<\/div><\/div><\/div><\/div><\/section><\/section>","protected":false},"excerpt":{"rendered":"\u00a1Tu consulta virtual a solo un click!Reserva&#32; tu&#32; cita&#32; en&#32; pocos&#32; pasos&#32; Con tan solo unos clics, podr\u00e1s reservar una cita en nuestra cl\u00ednica y comenzar tu viaje hacia la concepci\u00f3n.","protected":false},"author":1,"featured_media":0,"parent":0,"menu_order":0,"comment_status":"closed","ping_status":"closed","template":"","meta":{"footnotes":""},"class_list":["post-4104","page","type-page","status-publish","hentry"],"_links":{"self":[{"href":"https:\/\/ivfgdl.com\/en\/wp-json\/wp\/v2\/pages\/4104","targetHints":{"allow":["GET"]}}],"collection":[{"href":"https:\/\/ivfgdl.com\/en\/wp-json\/wp\/v2\/pages"}],"about":[{"href":"https:\/\/ivfgdl.com\/en\/wp-json\/wp\/v2\/types\/page"}],"author":[{"embeddable":true,"href":"https:\/\/ivfgdl.com\/en\/wp-json\/wp\/v2\/users\/1"}],"replies":[{"embeddable":true,"href":"https:\/\/ivfgdl.com\/en\/wp-json\/wp\/v2\/comments?post=4104"}],"version-history":[{"count":19,"href":"https:\/\/ivfgdl.com\/en\/wp-json\/wp\/v2\/pages\/4104\/revisions"}],"predecessor-version":[{"id":4128,"href":"https:\/\/ivfgdl.com\/en\/wp-json\/wp\/v2\/pages\/4104\/revisions\/4128"}],"wp:attachment":[{"href":"https:\/\/ivfgdl.com\/en\/wp-json\/wp\/v2\/media?parent=4104"}],"curies":[{"name":"wp","href":"https:\/\/api.w.org\/{rel}","templated":true}]}}